{"id":212,"date":"2024-12-10T12:50:36","date_gmt":"2024-12-10T12:50:36","guid":{"rendered":"http:\/\/www.hofer-ag.ch\/?page_id=212"},"modified":"2025-06-04T09:21:57","modified_gmt":"2025-06-04T09:21:57","slug":"construction-de-facade","status":"publish","type":"page","link":"https:\/\/www.hofer-ag.ch\/fr\/construction-de-facade\/","title":{"rendered":"Construction de fa\u00e7ade"},"content":{"rendered":"\t\t<div data-elementor-type=\"wp-page\" data-elementor-id=\"212\" class=\"elementor elementor-212\" data-elementor-post-type=\"page\">\n\t\t\t\t<div class=\"elementor-element elementor-element-1cdb9e2 e-con-full e-flex e-con e-parent\" data-id=\"1cdb9e2\" data-element_type=\"container\" data-e-type=\"container\">\n\t\t<div class=\"elementor-element elementor-element-655f510 e-con-full e-flex e-con e-child\" data-id=\"655f510\" data-element_type=\"container\" data-e-type=\"container\" data-settings=\"{&quot;background_background&quot;:&quot;classic&quot;}\">\n\t\t\t\t<div class=\"elementor-element elementor-element-6cab7e2 elementor-widget elementor-widget-heading\" data-id=\"6cab7e2\" data-element_type=\"widget\" data-e-type=\"widget\" data-widget_type=\"heading.default\">\n\t\t\t\t<div class=\"elementor-widget-container\">\n\t\t\t\t\t<h2 class=\"elementor-heading-title elementor-size-default\">Enveloppe du b\u00e2timent<\/h2>\t\t\t\t<\/div>\n\t\t\t\t<\/div>\n\t\t\t\t<div class=\"elementor-element elementor-element-4403a49 elementor-widget elementor-widget-heading\" data-id=\"4403a49\" data-element_type=\"widget\" data-e-type=\"widget\" data-widget_type=\"heading.default\">\n\t\t\t\t<div class=\"elementor-widget-container\">\n\t\t\t\t\t<h1 class=\"elementor-heading-title elementor-size-default\">Construction de fa\u00e7ades\n<\/h1>\t\t\t\t<\/div>\n\t\t\t\t<\/div>\n\t\t\t\t<div class=\"elementor-element elementor-element-c789c5d elementor-widget elementor-widget-text-editor\" data-id=\"c789c5d\" data-element_type=\"widget\" data-e-type=\"widget\" data-widget_type=\"text-editor.default\">\n\t\t\t\t<div class=\"elementor-widget-container\">\n\t\t\t\t\t\t\t\t\t<p class=\"\" data-start=\"252\" data-end=\"308\"><strong>Fa\u00e7ades ventil\u00e9es : protection et esth\u00e9tique en parfaite harmonie.<\/strong><br data-start=\"65\" data-end=\"68\" \/>Les fa\u00e7ades ventil\u00e9es allient protection durable contre les intemp\u00e9ries, design moderne et construction \u00e9co\u00e9nerg\u00e9tique. La s\u00e9paration entre l\u2019isolation et le rev\u00eatement permet une ventilation optimale, ce qui prot\u00e8ge la structure du b\u00e2timent, r\u00e9gule l\u2019humidit\u00e9 et am\u00e9liore durablement le climat int\u00e9rieur.<br data-start=\"373\" data-end=\"376\" \/>Nous planifions et r\u00e9alisons des syst\u00e8mes de fa\u00e7ade sur mesure, adapt\u00e9s \u00e0 l\u2019architecture, au choix des mat\u00e9riaux et aux exigences techniques, fonctionnels, faciles \u00e0 entretenir et esth\u00e9tiquement convaincants.<\/p>\t\t\t\t\t\t\t\t<\/div>\n\t\t\t\t<\/div>\n\t\t\t\t<div class=\"elementor-element elementor-element-83a6b75 elementor-widget elementor-widget-button\" data-id=\"83a6b75\" data-element_type=\"widget\" data-e-type=\"widget\" data-widget_type=\"button.default\">\n\t\t\t\t<div class=\"elementor-widget-container\">\n\t\t\t\t\t\t\t\t\t<div class=\"elementor-button-wrapper\">\n\t\t\t\t\t<a class=\"elementor-button elementor-button-link elementor-size-sm elementor-animation-skew\" href=\"https:\/\/www.hofer-ag.ch\/fr\/contact\/\">\n\t\t\t\t\t\t<span class=\"elementor-button-content-wrapper\">\n\t\t\t\t\t\t<span class=\"elementor-button-icon\">\n\t\t\t\t<svg aria-hidden=\"true\" class=\"e-font-icon-svg e-fas-long-arrow-alt-right\" viewBox=\"0 0 448 512\" xmlns=\"http:\/\/www.w3.org\/2000\/svg\"><path d=\"M313.941 216H12c-6.627 0-12 5.373-12 12v56c0 6.627 5.373 12 12 12h301.941v46.059c0 21.382 25.851 32.09 40.971 16.971l86.059-86.059c9.373-9.373 9.373-24.569 0-33.941l-86.059-86.059c-15.119-15.119-40.971-4.411-40.971 16.971V216z\"><\/path><\/svg>\t\t\t<\/span>\n\t\t\t\t\t\t\t\t\t<span class=\"elementor-button-text\">Contactez-nous<\/span>\n\t\t\t\t\t<\/span>\n\t\t\t\t\t<\/a>\n\t\t\t\t<\/div>\n\t\t\t\t\t\t\t\t<\/div>\n\t\t\t\t<\/div>\n\t\t\t\t<\/div>\n\t\t<div class=\"elementor-element elementor-element-0e4a7cb e-con-full e-flex e-con e-child\" data-id=\"0e4a7cb\" data-element_type=\"container\" data-e-type=\"container\" data-settings=\"{&quot;background_background&quot;:&quot;classic&quot;,&quot;background_motion_fx_motion_fx_scrolling&quot;:&quot;yes&quot;,&quot;background_motion_fx_devices&quot;:[&quot;desktop&quot;,&quot;tablet&quot;,&quot;mobile&quot;]}\">\n\t\t\t\t<\/div>\n\t\t\t\t<\/div>\n\t\t<div class=\"elementor-element elementor-element-6fa7c8c e-con-full e-flex e-con e-parent\" data-id=\"6fa7c8c\" data-element_type=\"container\" data-e-type=\"container\">\n\t\t\t\t<div class=\"elementor-element elementor-element-b9cf712 elementor-widget elementor-widget-heading\" data-id=\"b9cf712\" data-element_type=\"widget\" data-e-type=\"widget\" data-widget_type=\"heading.default\">\n\t\t\t\t<div class=\"elementor-widget-container\">\n\t\t\t\t\t<h2 class=\"elementor-heading-title elementor-size-default\">Nos R\u00e9alisations<\/h2>\t\t\t\t<\/div>\n\t\t\t\t<\/div>\n\t\t\t\t<\/div>\n\t\t<div class=\"elementor-element elementor-element-1bcac30 e-con-full e-flex e-con e-parent\" data-id=\"1bcac30\" data-element_type=\"container\" data-e-type=\"container\">\n\t\t\t\t<div class=\"elementor-element elementor-element-91e7375 elementor-widget elementor-widget-gallery\" data-id=\"91e7375\" data-element_type=\"widget\" data-e-type=\"widget\" data-settings=\"{&quot;gap&quot;:{&quot;unit&quot;:&quot;px&quot;,&quot;size&quot;:30,&quot;sizes&quot;:[]},&quot;gap_mobile&quot;:{&quot;unit&quot;:&quot;px&quot;,&quot;size&quot;:20,&quot;sizes&quot;:[]},&quot;columns&quot;:3,&quot;lazyload&quot;:&quot;yes&quot;,&quot;gallery_layout&quot;:&quot;grid&quot;,&quot;columns_tablet&quot;:2,&quot;columns_mobile&quot;:1,&quot;gap_tablet&quot;:{&quot;unit&quot;:&quot;px&quot;,&quot;size&quot;:10,&quot;sizes&quot;:[]},&quot;link_to&quot;:&quot;file&quot;,&quot;aspect_ratio&quot;:&quot;3:2&quot;,&quot;overlay_background&quot;:&quot;yes&quot;,&quot;content_hover_animation&quot;:&quot;fade-in&quot;}\" data-widget_type=\"gallery.default\">\n\t\t\t\t<div class=\"elementor-widget-container\">\n\t\t\t\t\t\t\t<div class=\"elementor-gallery__container\">\n\t\t\t\t\t\t\t<a class=\"e-gallery-item elementor-gallery-item elementor-animated-content\" href=\"https:\/\/www.hofer-ag.ch\/wp-content\/uploads\/2024\/12\/Swisspearl-Fassade.jpg\" data-elementor-open-lightbox=\"yes\" data-elementor-lightbox-slideshow=\"91e7375\" data-elementor-lightbox-title=\"Swisspearl Fassade\" data-e-action-hash=\"#elementor-action%3Aaction%3Dlightbox%26settings%3DeyJpZCI6NDA2LCJ1cmwiOiJodHRwczpcL1wvd3d3LmhvZmVyLWFnLmNoXC93cC1jb250ZW50XC91cGxvYWRzXC8yMDI0XC8xMlwvU3dpc3NwZWFybC1GYXNzYWRlLmpwZyIsInNsaWRlc2hvdyI6IjkxZTczNzUifQ%3D%3D\">\n\t\t\t\t\t<div class=\"e-gallery-image elementor-gallery-item__image\" data-thumbnail=\"https:\/\/www.hofer-ag.ch\/wp-content\/uploads\/2024\/12\/Swisspearl-Fassade.jpg\" data-width=\"474\" data-height=\"316\" aria-label=\"\" role=\"img\" ><\/div>\n\t\t\t\t\t\t\t\t\t\t\t<div class=\"elementor-gallery-item__overlay\"><\/div>\n\t\t\t\t\t\t\t\t\t\t\t\t\t\t<\/a>\n\t\t\t\t\t\t\t<a class=\"e-gallery-item elementor-gallery-item elementor-animated-content\" href=\"https:\/\/www.hofer-ag.ch\/wp-content\/uploads\/2024\/12\/Swisspearl-Clinar-Clip-Fassade.jpg\" data-elementor-open-lightbox=\"yes\" data-elementor-lightbox-slideshow=\"91e7375\" data-elementor-lightbox-title=\"Swisspearl Clinar Clip Fassade\" data-e-action-hash=\"#elementor-action%3Aaction%3Dlightbox%26settings%3DeyJpZCI6NDA1LCJ1cmwiOiJodHRwczpcL1wvd3d3LmhvZmVyLWFnLmNoXC93cC1jb250ZW50XC91cGxvYWRzXC8yMDI0XC8xMlwvU3dpc3NwZWFybC1DbGluYXItQ2xpcC1GYXNzYWRlLmpwZyIsInNsaWRlc2hvdyI6IjkxZTczNzUifQ%3D%3D\">\n\t\t\t\t\t<div class=\"e-gallery-image elementor-gallery-item__image\" data-thumbnail=\"https:\/\/www.hofer-ag.ch\/wp-content\/uploads\/2024\/12\/Swisspearl-Clinar-Clip-Fassade.jpg\" data-width=\"333\" data-height=\"500\" aria-label=\"\" role=\"img\" ><\/div>\n\t\t\t\t\t\t\t\t\t\t\t<div class=\"elementor-gallery-item__overlay\"><\/div>\n\t\t\t\t\t\t\t\t\t\t\t\t\t\t<\/a>\n\t\t\t\t\t\t\t<a class=\"e-gallery-item elementor-gallery-item elementor-animated-content\" href=\"https:\/\/www.hofer-ag.ch\/wp-content\/uploads\/2024\/12\/Hinterl\ufffdftete-Fassade_1.jpg\" data-elementor-open-lightbox=\"yes\" data-elementor-lightbox-slideshow=\"91e7375\" data-elementor-lightbox-title=\"Hinterl\ufffdftete Fassade_1\" data-e-action-hash=\"#elementor-action%3Aaction%3Dlightbox%26settings%3DeyJpZCI6NDAzLCJ1cmwiOiJodHRwczpcL1wvd3d3LmhvZmVyLWFnLmNoXC93cC1jb250ZW50XC91cGxvYWRzXC8yMDI0XC8xMlwvSGludGVybFx1ZmZmZGZ0ZXRlLUZhc3NhZGVfMS5qcGciLCJzbGlkZXNob3ciOiI5MWU3Mzc1In0%3D\">\n\t\t\t\t\t<div class=\"e-gallery-image elementor-gallery-item__image\" data-thumbnail=\"https:\/\/www.hofer-ag.ch\/wp-content\/uploads\/2024\/12\/Hinterl\ufffdftete-Fassade_1.jpg\" data-width=\"908\" data-height=\"682\" aria-label=\"\" role=\"img\" ><\/div>\n\t\t\t\t\t\t\t\t\t\t\t<div class=\"elementor-gallery-item__overlay\"><\/div>\n\t\t\t\t\t\t\t\t\t\t\t\t\t\t<\/a>\n\t\t\t\t\t\t\t<a class=\"e-gallery-item elementor-gallery-item elementor-animated-content\" href=\"https:\/\/www.hofer-ag.ch\/wp-content\/uploads\/2024\/12\/Hinterl\ufffdftete-Fassade-Eternit.jpg\" data-elementor-open-lightbox=\"yes\" data-elementor-lightbox-slideshow=\"91e7375\" data-elementor-lightbox-title=\"Hinterl\ufffdftete Fassade Eternit\" data-e-action-hash=\"#elementor-action%3Aaction%3Dlightbox%26settings%3DeyJpZCI6NDAyLCJ1cmwiOiJodHRwczpcL1wvd3d3LmhvZmVyLWFnLmNoXC93cC1jb250ZW50XC91cGxvYWRzXC8yMDI0XC8xMlwvSGludGVybFx1ZmZmZGZ0ZXRlLUZhc3NhZGUtRXRlcm5pdC5qcGciLCJzbGlkZXNob3ciOiI5MWU3Mzc1In0%3D\">\n\t\t\t\t\t<div class=\"e-gallery-image elementor-gallery-item__image\" data-thumbnail=\"https:\/\/www.hofer-ag.ch\/wp-content\/uploads\/2024\/12\/Hinterl\ufffdftete-Fassade-Eternit.jpg\" data-width=\"513\" data-height=\"684\" aria-label=\"\" role=\"img\" ><\/div>\n\t\t\t\t\t\t\t\t\t\t\t<div class=\"elementor-gallery-item__overlay\"><\/div>\n\t\t\t\t\t\t\t\t\t\t\t\t\t\t<\/a>\n\t\t\t\t\t\t\t<a class=\"e-gallery-item elementor-gallery-item elementor-animated-content\" href=\"https:\/\/www.hofer-ag.ch\/wp-content\/uploads\/2024\/12\/Glasfassade-2.jpg\" data-elementor-open-lightbox=\"yes\" data-elementor-lightbox-slideshow=\"91e7375\" data-elementor-lightbox-title=\"Glasfassade 2\" data-e-action-hash=\"#elementor-action%3Aaction%3Dlightbox%26settings%3DeyJpZCI6NDAxLCJ1cmwiOiJodHRwczpcL1wvd3d3LmhvZmVyLWFnLmNoXC93cC1jb250ZW50XC91cGxvYWRzXC8yMDI0XC8xMlwvR2xhc2Zhc3NhZGUtMi5qcGciLCJzbGlkZXNob3ciOiI5MWU3Mzc1In0%3D\">\n\t\t\t\t\t<div class=\"e-gallery-image elementor-gallery-item__image\" data-thumbnail=\"https:\/\/www.hofer-ag.ch\/wp-content\/uploads\/2024\/12\/Glasfassade-2.jpg\" data-width=\"794\" data-height=\"530\" aria-label=\"\" role=\"img\" ><\/div>\n\t\t\t\t\t\t\t\t\t\t\t<div class=\"elementor-gallery-item__overlay\"><\/div>\n\t\t\t\t\t\t\t\t\t\t\t\t\t\t<\/a>\n\t\t\t\t\t\t\t<a class=\"e-gallery-item elementor-gallery-item elementor-animated-content\" href=\"https:\/\/www.hofer-ag.ch\/wp-content\/uploads\/2024\/12\/Fassade.jpg\" data-elementor-open-lightbox=\"yes\" data-elementor-lightbox-slideshow=\"91e7375\" data-elementor-lightbox-title=\"Fassade\" data-e-action-hash=\"#elementor-action%3Aaction%3Dlightbox%26settings%3DeyJpZCI6Mzk5LCJ1cmwiOiJodHRwczpcL1wvd3d3LmhvZmVyLWFnLmNoXC93cC1jb250ZW50XC91cGxvYWRzXC8yMDI0XC8xMlwvRmFzc2FkZS5qcGciLCJzbGlkZXNob3ciOiI5MWU3Mzc1In0%3D\">\n\t\t\t\t\t<div class=\"e-gallery-image elementor-gallery-item__image\" data-thumbnail=\"https:\/\/www.hofer-ag.ch\/wp-content\/uploads\/2024\/12\/Fassade.jpg\" data-width=\"659\" data-height=\"440\" aria-label=\"\" role=\"img\" ><\/div>\n\t\t\t\t\t\t\t\t\t\t\t<div class=\"elementor-gallery-item__overlay\"><\/div>\n\t\t\t\t\t\t\t\t\t\t\t\t\t\t<\/a>\n\t\t\t\t\t\t\t<a class=\"e-gallery-item elementor-gallery-item elementor-animated-content\" href=\"https:\/\/www.hofer-ag.ch\/wp-content\/uploads\/2024\/12\/Blechfassade-mit-selbst-hergestellten-Paneelen.png\" data-elementor-open-lightbox=\"yes\" data-elementor-lightbox-slideshow=\"91e7375\" data-elementor-lightbox-title=\"Blechfassade mit selbst hergestellten Paneelen\" data-e-action-hash=\"#elementor-action%3Aaction%3Dlightbox%26settings%3DeyJpZCI6Mzk4LCJ1cmwiOiJodHRwczpcL1wvd3d3LmhvZmVyLWFnLmNoXC93cC1jb250ZW50XC91cGxvYWRzXC8yMDI0XC8xMlwvQmxlY2hmYXNzYWRlLW1pdC1zZWxic3QtaGVyZ2VzdGVsbHRlbi1QYW5lZWxlbi5wbmciLCJzbGlkZXNob3ciOiI5MWU3Mzc1In0%3D\">\n\t\t\t\t\t<div class=\"e-gallery-image elementor-gallery-item__image\" data-thumbnail=\"https:\/\/www.hofer-ag.ch\/wp-content\/uploads\/2024\/12\/Blechfassade-mit-selbst-hergestellten-Paneelen.png\" data-width=\"443\" data-height=\"628\" aria-label=\"\" role=\"img\" ><\/div>\n\t\t\t\t\t\t\t\t\t\t\t<div class=\"elementor-gallery-item__overlay\"><\/div>\n\t\t\t\t\t\t\t\t\t\t\t\t\t\t<\/a>\n\t\t\t\t\t\t\t<a class=\"e-gallery-item elementor-gallery-item elementor-animated-content\" href=\"https:\/\/www.hofer-ag.ch\/wp-content\/uploads\/2025\/04\/Vorgeh\u201engte-Fassade-2-scaled.jpg\" data-elementor-open-lightbox=\"yes\" data-elementor-lightbox-slideshow=\"91e7375\" data-elementor-lightbox-title=\"Vorgeh\u201engte Fassade 2\" data-e-action-hash=\"#elementor-action%3Aaction%3Dlightbox%26settings%3DeyJpZCI6ODYzLCJ1cmwiOiJodHRwczpcL1wvd3d3LmhvZmVyLWFnLmNoXC93cC1jb250ZW50XC91cGxvYWRzXC8yMDI1XC8wNFwvVm9yZ2VoXHUyMDFlbmd0ZS1GYXNzYWRlLTItc2NhbGVkLmpwZyIsInNsaWRlc2hvdyI6IjkxZTczNzUifQ%3D%3D\">\n\t\t\t\t\t<div class=\"e-gallery-image elementor-gallery-item__image\" data-thumbnail=\"https:\/\/www.hofer-ag.ch\/wp-content\/uploads\/2025\/04\/Vorgeh\u201engte-Fassade-2-2048x1365.jpg\" data-width=\"2048\" data-height=\"1365\" aria-label=\"\" role=\"img\" ><\/div>\n\t\t\t\t\t\t\t\t\t\t\t<div class=\"elementor-gallery-item__overlay\"><\/div>\n\t\t\t\t\t\t\t\t\t\t\t\t\t\t<\/a>\n\t\t\t\t\t\t\t<a class=\"e-gallery-item elementor-gallery-item elementor-animated-content\" href=\"https:\/\/www.hofer-ag.ch\/wp-content\/uploads\/2025\/04\/Vorgeh\u201engte-Fassade-3-scaled.jpg\" data-elementor-open-lightbox=\"yes\" data-elementor-lightbox-slideshow=\"91e7375\" data-elementor-lightbox-title=\"Vorgeh\u201engte Fassade 3\" data-e-action-hash=\"#elementor-action%3Aaction%3Dlightbox%26settings%3DeyJpZCI6ODY0LCJ1cmwiOiJodHRwczpcL1wvd3d3LmhvZmVyLWFnLmNoXC93cC1jb250ZW50XC91cGxvYWRzXC8yMDI1XC8wNFwvVm9yZ2VoXHUyMDFlbmd0ZS1GYXNzYWRlLTMtc2NhbGVkLmpwZyIsInNsaWRlc2hvdyI6IjkxZTczNzUifQ%3D%3D\">\n\t\t\t\t\t<div class=\"e-gallery-image elementor-gallery-item__image\" data-thumbnail=\"https:\/\/www.hofer-ag.ch\/wp-content\/uploads\/2025\/04\/Vorgeh\u201engte-Fassade-3-2048x1365.jpg\" data-width=\"2048\" data-height=\"1365\" aria-label=\"\" role=\"img\" ><\/div>\n\t\t\t\t\t\t\t\t\t\t\t<div class=\"elementor-gallery-item__overlay\"><\/div>\n\t\t\t\t\t\t\t\t\t\t\t\t\t\t<\/a>\n\t\t\t\t\t\t\t<a class=\"e-gallery-item elementor-gallery-item elementor-animated-content\" href=\"https:\/\/www.hofer-ag.ch\/wp-content\/uploads\/2025\/04\/Vorgeh\u201engte-Fassade_1-scaled.jpg\" data-elementor-open-lightbox=\"yes\" data-elementor-lightbox-slideshow=\"91e7375\" data-elementor-lightbox-title=\"Vorgeh\u201engte Fassade_1\" data-e-action-hash=\"#elementor-action%3Aaction%3Dlightbox%26settings%3DeyJpZCI6ODY1LCJ1cmwiOiJodHRwczpcL1wvd3d3LmhvZmVyLWFnLmNoXC93cC1jb250ZW50XC91cGxvYWRzXC8yMDI1XC8wNFwvVm9yZ2VoXHUyMDFlbmd0ZS1GYXNzYWRlXzEtc2NhbGVkLmpwZyIsInNsaWRlc2hvdyI6IjkxZTczNzUifQ%3D%3D\">\n\t\t\t\t\t<div class=\"e-gallery-image elementor-gallery-item__image\" data-thumbnail=\"https:\/\/www.hofer-ag.ch\/wp-content\/uploads\/2025\/04\/Vorgeh\u201engte-Fassade_1-2048x1365.jpg\" data-width=\"2048\" data-height=\"1365\" aria-label=\"\" role=\"img\" ><\/div>\n\t\t\t\t\t\t\t\t\t\t\t<div class=\"elementor-gallery-item__overlay\"><\/div>\n\t\t\t\t\t\t\t\t\t\t\t\t\t\t<\/a>\n\t\t\t\t\t<\/div>\n\t\t\t\t\t<\/div>\n\t\t\t\t<\/div>\n\t\t\t\t<\/div>\n\t\t\t\t<\/div>\n\t\t","protected":false},"excerpt":{"rendered":"<p>Enveloppe du b\u00e2timent Construction de fa\u00e7ades Fa\u00e7ades ventil\u00e9es : protection et esth\u00e9tique en parfaite harmonie.Les fa\u00e7ades ventil\u00e9es allient protection durable contre les intemp\u00e9ries, design moderne et construction \u00e9co\u00e9nerg\u00e9tique. La s\u00e9paration entre l\u2019isolation et le rev\u00eatement permet une ventilation optimale, ce qui prot\u00e8ge la structure du b\u00e2timent, r\u00e9gule l\u2019humidit\u00e9 et am\u00e9liore durablement le climat int\u00e9rieur.Nous planifions [&hellip;]<\/p>\n","protected":false},"author":2,"featured_media":0,"parent":0,"menu_order":0,"comment_status":"closed","ping_status":"closed","template":"","meta":{"footnotes":""},"class_list":["post-212","page","type-page","status-publish","hentry"],"_links":{"self":[{"href":"https:\/\/www.hofer-ag.ch\/fr\/wp-json\/wp\/v2\/pages\/212","targetHints":{"allow":["GET"]}}],"collection":[{"href":"https:\/\/www.hofer-ag.ch\/fr\/wp-json\/wp\/v2\/pages"}],"about":[{"href":"https:\/\/www.hofer-ag.ch\/fr\/wp-json\/wp\/v2\/types\/page"}],"author":[{"embeddable":true,"href":"https:\/\/www.hofer-ag.ch\/fr\/wp-json\/wp\/v2\/users\/2"}],"replies":[{"embeddable":true,"href":"https:\/\/www.hofer-ag.ch\/fr\/wp-json\/wp\/v2\/comments?post=212"}],"version-history":[{"count":0,"href":"https:\/\/www.hofer-ag.ch\/fr\/wp-json\/wp\/v2\/pages\/212\/revisions"}],"wp:attachment":[{"href":"https:\/\/www.hofer-ag.ch\/fr\/wp-json\/wp\/v2\/media?parent=212"}],"curies":[{"name":"wp","href":"https:\/\/api.w.org\/{rel}","templated":true}]}}