{"id":2280,"date":"2025-09-07T19:37:39","date_gmt":"2025-09-07T19:37:39","guid":{"rendered":"https:\/\/www.hofer-ag.ch\/?page_id=2280"},"modified":"2025-09-07T21:07:27","modified_gmt":"2025-09-07T21:07:27","slug":"references-facade","status":"publish","type":"page","link":"https:\/\/www.hofer-ag.ch\/fr\/references\/references-facade\/","title":{"rendered":"Fa\u00e7ade"},"content":{"rendered":"\t\t<div data-elementor-type=\"wp-page\" data-elementor-id=\"2280\" class=\"elementor elementor-2280\" data-elementor-post-type=\"page\">\n\t\t\t\t<div class=\"elementor-element elementor-element-fd631a1 e-con-full e-flex e-con e-parent\" data-id=\"fd631a1\" data-element_type=\"container\" data-e-type=\"container\">\n\t\t<div class=\"elementor-element elementor-element-3732376 e-con-full e-flex e-con e-child\" data-id=\"3732376\" data-element_type=\"container\" data-e-type=\"container\" data-settings=\"{&quot;background_background&quot;:&quot;classic&quot;}\">\n\t\t\t\t<div class=\"elementor-element elementor-element-480a470 elementor-widget elementor-widget-heading\" data-id=\"480a470\" data-element_type=\"widget\" data-e-type=\"widget\" data-widget_type=\"heading.default\">\n\t\t\t\t<div class=\"elementor-widget-container\">\n\t\t\t\t\t<h2 class=\"elementor-heading-title elementor-size-default\">Nos r\u00e9f\u00e9rences<\/h2>\t\t\t\t<\/div>\n\t\t\t\t<\/div>\n\t\t\t\t<div class=\"elementor-element elementor-element-81a967f elementor-widget elementor-widget-heading\" data-id=\"81a967f\" data-element_type=\"widget\" data-e-type=\"widget\" data-widget_type=\"heading.default\">\n\t\t\t\t<div class=\"elementor-widget-container\">\n\t\t\t\t\t<h1 class=\"elementor-heading-title elementor-size-default\">Construction de fa\u00e7ades\n<\/h1>\t\t\t\t<\/div>\n\t\t\t\t<\/div>\n\t\t\t\t<\/div>\n\t\t<div class=\"elementor-element elementor-element-2ba93c1 e-con-full e-flex e-con e-child\" data-id=\"2ba93c1\" data-element_type=\"container\" data-e-type=\"container\" data-settings=\"{&quot;background_background&quot;:&quot;classic&quot;,&quot;background_motion_fx_motion_fx_scrolling&quot;:&quot;yes&quot;,&quot;background_motion_fx_devices&quot;:[&quot;desktop&quot;,&quot;tablet&quot;,&quot;mobile&quot;]}\">\n\t\t\t\t<\/div>\n\t\t\t\t<\/div>\n\t\t<div class=\"elementor-element elementor-element-8e1289e e-flex e-con-boxed e-con e-parent\" data-id=\"8e1289e\" data-element_type=\"container\" data-e-type=\"container\">\n\t\t\t\t\t<div class=\"e-con-inner\">\n\t\t\t\t<div class=\"elementor-element elementor-element-d7e99fc elementor-widget elementor-widget-html\" data-id=\"d7e99fc\" data-element_type=\"widget\" data-e-type=\"widget\" data-widget_type=\"html.default\">\n\t\t\t\t<div class=\"elementor-widget-container\">\n\t\t\t\t\t<section id=\"references-facade\">\n  \n\n  <article class=\"reference-item\">\n    <h3>Maison individuelle, Wolfacher 4, 1714 Heitenried<\/h3>\n    <dl>\n      <dt>Type de fa\u00e7ade<\/dt><dd>Panneaux Eternit grand format<\/dd>\n      <dt>Montant du mandat<\/dt><dd>Fr. 115'000.-<\/dd>\n      <dt>Ma\u00eetre d\u2019ouvrage<\/dt><dd>Famille Aebischer - Hofer, Heitenried<\/dd>\n      <dt>Architecte<\/dt><dd>Binz Architekten, 1700 Fribourg<\/dd>\n    <\/dl>\n  <\/article>\n\n  <article class=\"reference-item\">\n    <h3>Immeuble d\u2019habitation, Route de Berne, 1700 Fribourg<\/h3>\n    <dl>\n      <dt>Type de fa\u00e7ade<\/dt><dd>Panneaux Eternit grand format<\/dd>\n      <dt>Montant du mandat<\/dt><dd>Fr. 300'000.-<\/dd>\n      <dt>Ma\u00eetre d\u2019ouvrage<\/dt><dd>Andr\u00e9 Lanthmann, 1700 Fribourg<\/dd>\n      <dt>Architecte<\/dt><dd>Architecture et technique, 1700 Fribourg<\/dd>\n    <\/dl>\n  <\/article>\n\n  <article class=\"reference-item\">\n    <h3>Ensemble r\u00e9sidentiel Ruz, Chasseran-Dombresson<\/h3>\n    <dl>\n      <dt>Type de fa\u00e7ade<\/dt><dd>Max Exterior, bardage \u00e0 recouvrement \u00abScaleo\u00bb<\/dd>\n      <dt>Montant du mandat<\/dt><dd>Fr. 1'280'000.-<\/dd>\n      <dt>Ma\u00eetre d\u2019ouvrage<\/dt><dd>Fondation Fran\u00e7ois-Louis Borel<\/dd>\n      <dt>Architecte<\/dt><dd>Debiase Architecture s\u00e0rl, Saint-Blaise<\/dd>\n    <\/dl>\n  <\/article>\n\n  <article class=\"reference-item\">\n    <h3>4 immeubles d\u2019habitation, Ursy<\/h3>\n    <dl>\n      <dt>Type de fa\u00e7ade<\/dt><dd>Eternit Swisspearl<\/dd>\n      <dt>Ma\u00eetre d\u2019ouvrage<\/dt><dd>Johann Bischof, Ursy<\/dd>\n      <dt>Architecte<\/dt><dd>Bischof und Partner AG, Romanshorn<\/dd>\n      <dt>Remarque<\/dt><dd>2 immeubles de l\u2019\u00e9tape 2 r\u00e9alis\u00e9s en Minergie-P-Eco. Laur\u00e9at du Prix Solaire 2014.<\/dd>\n    <\/dl>\n  <\/article>\n\n  <article class=\"reference-item\">\n    <h3>\u00c9cole de Cernier<\/h3>\n    <dl>\n      <dt>Type de fa\u00e7ade<\/dt><dd>Max Exterior, bardage \u00e0 recouvrement \u00abScaleo\u00bb<\/dd>\n      <dt>Montant du mandat<\/dt><dd>Fr. 310'000.-<\/dd>\n      <dt>Ma\u00eetre d\u2019ouvrage<\/dt><dd>Commune de Cernier<\/dd>\n      <dt>Architecte<\/dt><dd>D\u2019Biancolin + R. Barz\u00e9 Architecture, Cernier<\/dd>\n    <\/dl>\n  <\/article>\n\n  <article class=\"reference-item\">\n    <h3>Centre r\u00e9gional, Belp<\/h3>\n    <dl>\n      <dt>Type de fa\u00e7ade<\/dt><dd>C\u00e9ramique avec cadres en aluminium<\/dd>\n      <dt>Montant du mandat<\/dt><dd>Fr. 350'000.-<\/dd>\n      <dt>Ma\u00eetre d\u2019ouvrage<\/dt><dd>Aktivhaus AG, Belp<\/dd>\n      <dt>Architecte<\/dt><dd>Messerli Architekt + Planer AG, Belp<\/dd>\n    <\/dl>\n  <\/article>\n\n  <article class=\"reference-item\">\n    <h3>Maison individuelle, Alpenweg, Schwarzenburg<\/h3>\n    <dl>\n      <dt>Type de fa\u00e7ade<\/dt><dd>Eternit Swisspearl<\/dd>\n      <dt>Montant du mandat<\/dt><dd>Fr. 125'000.-<\/dd>\n      <dt>Ma\u00eetre d\u2019ouvrage<\/dt><dd>J. Gilgen, Schwarzenburg<\/dd>\n      <dt>Architecte<\/dt><dd>Vifian Architekten, Schwarzenburg<\/dd>\n    <\/dl>\n  <\/article>\n\n  <article class=\"reference-item\">\n    <h3>B\u00e2timent commercial, Thunstrasse 35, Schwarzenburg<\/h3>\n    <dl>\n      <dt>Type de fa\u00e7ade<\/dt><dd>Eternit Swisspearl et t\u00f4le Simmsblech<\/dd>\n      <dt>Montant du mandat<\/dt><dd>Fr. 210'000.-<\/dd>\n      <dt>Ma\u00eetre d\u2019ouvrage<\/dt><dd>Garage Corpataux AG<\/dd>\n      <dt>Architecte<\/dt><dd>Vifian Architekten, Schwarzenburg<\/dd>\n    <\/dl>\n  <\/article>\n\n  <article class=\"reference-item\">\n    <h3>B\u00e2timent commercial, Uetendorf<\/h3>\n    <dl>\n      <dt>Travaux r\u00e9alis\u00e9s<\/dt><dd>Remplacement des fen\u00eatres; rev\u00eatement de fa\u00e7ade en panneaux composites aluminium; profils de parement Montaform<\/dd>\n      <dt>Montant du mandat<\/dt><dd>Fr. 390'000.-<\/dd>\n      <dt>Ma\u00eetre d\u2019ouvrage<\/dt><dd>Wirtech AG, Uetendorf<\/dd>\n      <dt>Architecte<\/dt><dd>Wirtech AG, Uetendorf<\/dd>\n    <\/dl>\n  <\/article>\n\n  <article class=\"reference-item\">\n    <h3>Buchseeweg 12d, K\u00f6niz<\/h3>\n    <dl>\n      <dt>Type de fa\u00e7ade<\/dt><dd>Sto-Ventec<\/dd>\n      <dt>Montant du mandat<\/dt><dd>Fr. 94'000.-<\/dd>\n      <dt>Ma\u00eetre d\u2019ouvrage<\/dt><dd>Communaut\u00e9 de propri\u00e9taires, Buchseeweg<\/dd>\n      <dt>Architecte<\/dt><dd>B. Scheidegger, K\u00f6niz<\/dd>\n    <\/dl>\n  <\/article>\n\n  <article class=\"reference-item\">\n    <h3>B\u00e2timent commercial, Bodengasse 14, Worb<\/h3>\n    <dl>\n      <dt>Type de fa\u00e7ade<\/dt><dd>Panneaux composites aluminium<\/dd>\n      <dt>Montant du mandat<\/dt><dd>Fr. 106'000.-<\/dd>\n      <dt>Ma\u00eetre d\u2019ouvrage<\/dt><dd>Christliche Ostmission<\/dd>\n      <dt>Architecte<\/dt><dd>Eggenberg + L\u00fcthi Architekten AG, Wichtrach<\/dd>\n    <\/dl>\n  <\/article>\n\n  <article class=\"reference-item\">\n    <h3>B\u00e2timent commercial, Belpstrasse 36, Berne<\/h3>\n    <dl>\n      <dt>Type de fa\u00e7ade<\/dt><dd>Remplacement d\u2019\u00e9l\u00e9ments de fen\u00eatres et de fa\u00e7ade; fa\u00e7ade principale en verre; attique rev\u00eatu d\u2019Eternit Swisspearl; r\u00e9novation de la vitrine<\/dd>\n      <dt>Montant du mandat<\/dt><dd>Fr. 1'180'000.-<\/dd>\n      <dt>Ma\u00eetre d\u2019ouvrage<\/dt><dd>UPS-Cabelcom GmbH<\/dd>\n      <dt>Architecte<\/dt><dd>Messerli Architekten + Planer AG, Belp<\/dd>\n    <\/dl>\n  <\/article>\n\n  <article class=\"reference-item\">\n    <h3>B\u00e2timent commercial, Wankdorffeldstrasse 64, Berne<\/h3>\n    <dl>\n      <dt>Type de fa\u00e7ade<\/dt><dd>Fa\u00e7ade m\u00e9tallique<\/dd>\n      <dt>Montant du mandat<\/dt><dd>Fr. 300'000.-<\/dd>\n      <dt>Ma\u00eetre d\u2019ouvrage<\/dt><dd>Von Graffenried AG, Berne<\/dd>\n      <dt>Architecte<\/dt><dd>Von Graffenried AG, Berne<\/dd>\n    <\/dl>\n  <\/article>\n\n  <article class=\"reference-item\">\n    <h3>Le Clos Dor\u00e9, Saint-Blaise<\/h3>\n    <dl>\n      <dt>Type de fa\u00e7ade<\/dt><dd>Rev\u00eatements Eternit et bois<\/dd>\n      <dt>Montant du mandat<\/dt><dd>Fr. 650'000.-<\/dd>\n      <dt>Ma\u00eetre d\u2019ouvrage<\/dt><dd>Immob'illiez SA, D. Voirol, Neuch\u00e2tel<\/dd>\n      <dt>Architecte<\/dt><dd>Immob'illiez SA, D. Voirol, Neuch\u00e2tel<\/dd>\n    <\/dl>\n  <\/article>\n\n  <article class=\"reference-item\">\n    <h3>Immeuble d\u2019habitation, Bahnhofmatte 9, Rubigen<\/h3>\n    <dl>\n      <dt>Type de fa\u00e7ade<\/dt><dd>Rev\u00eatement Eternit, syst\u00e8me Clinar-Clip<\/dd>\n      <dt>Montant du mandat<\/dt><dd>Fr. 330'000.-<\/dd>\n      <dt>Ma\u00eetre d\u2019ouvrage<\/dt><dd>PPE Bahnhofmatte 9<\/dd>\n      <dt>Architecte<\/dt><dd>B. Sorgen, Kloten<\/dd>\n    <\/dl>\n  <\/article>\n\n  <article class=\"reference-item\">\n    <h3>Place d\u2019armes de Drognens, Romont<\/h3>\n    <dl>\n      <dt>Type de fa\u00e7ade<\/dt><dd>Rev\u00eatement de fa\u00e7ade Eternit Swisspearl<\/dd>\n      <dt>Montant du mandat<\/dt><dd>Fr. 800'000.-<\/dd>\n      <dt>Ma\u00eetre d\u2019ouvrage<\/dt><dd>Armasuisse Immobilier, Lausanne<\/dd>\n      <dt>Architecte<\/dt><dd>AAF architectes, Fribourg<\/dd>\n    <\/dl>\n  <\/article>\n\n  <article class=\"reference-item\">\n    <h3>Villa B, Muri<\/h3>\n    <dl>\n      <dt>Type de fa\u00e7ade<\/dt><dd>Fa\u00e7ade en verre<\/dd>\n      <dt>Montant du mandat<\/dt><dd>Fr. 210'000.-<\/dd>\n      <dt>Ma\u00eetre d\u2019ouvrage<\/dt><dd>K. et B. Bratschi-Weber, Muri<\/dd>\n      <dt>Architecte<\/dt><dd>SMV Management, Contractors, Winterthur<\/dd>\n    <\/dl>\n  <\/article>\n\n  <article class=\"reference-item\">\n    <h3>Nouveau b\u00e2timent Zimmer Media AG, Sony Center, Belp<\/h3>\n    <dl>\n      <dt>Travaux r\u00e9alis\u00e9s<\/dt><dd>Construction m\u00e9tallique: fa\u00e7ade en t\u00f4le ondul\u00e9e, fen\u00eatres m\u00e9talliques, portes<\/dd>\n      <dt>Montant du mandat<\/dt><dd>Fr. 250'000.-<\/dd>\n      <dt>Ma\u00eetre d\u2019ouvrage<\/dt><dd>Zimmer Media AG, Belp<\/dd>\n      <dt>Architecte<\/dt><dd>Messerli Arch. AG, Belp<\/dd>\n    <\/dl>\n  <\/article>\n\n  <article class=\"reference-item\">\n    <h3>Renconvillier \u00abLa Colline\u00bb<\/h3>\n    <dl>\n      <dt>Type de fa\u00e7ade<\/dt><dd>Eternit petit format<\/dd>\n      <dt>Montant du mandat<\/dt><dd>Fr. 370'000.-<\/dd>\n      <dt>Ma\u00eetre d\u2019ouvrage<\/dt><dd>Home La Colline<\/dd>\n      <dt>Architecte<\/dt><dd>Kaiser + Wittwer SA, Malleray<\/dd>\n    <\/dl>\n  <\/article>\n\n  <article class=\"reference-item\">\n    <h3>W\u00dcB Feyco, G\u00fcmligen<\/h3>\n    <dl>\n      <dt>Type de fa\u00e7ade<\/dt><dd>Panneaux composites aluminium<\/dd>\n      <dt>Montant du mandat<\/dt><dd>Fr. 350'000.-<\/dd>\n      <dt>Ma\u00eetre d\u2019ouvrage<\/dt><dd>Frutiger GU<\/dd>\n      <dt>Architecte<\/dt><dd>Frutiger GU, G\u00fcmligen<\/dd>\n    <\/dl>\n  <\/article>\n\n  <article class=\"reference-item\">\n    <h3>Mifroma SA, Ursy<\/h3>\n    <dl>\n      <dt>Type de fa\u00e7ade<\/dt><dd>Eternit Swisspearl en Eternit<\/dd>\n      <dt>Montant du mandat<\/dt><dd>Fr. 320'000.-<\/dd>\n      <dt>Ma\u00eetre d\u2019ouvrage<\/dt><dd>Mifroma SA<\/dd>\n      <dt>Architecte<\/dt><dd>S+M Architectes SA, Le Lignon<\/dd>\n    <\/dl>\n  <\/article>\n\n  <article class=\"reference-item\">\n    <h3>Local de stockage, Utzigen<\/h3>\n    <dl>\n      <dt>Type de fa\u00e7ade<\/dt><dd>Panneaux composites aluminium<\/dd>\n      <dt>Montant du mandat<\/dt><dd>Fr. 85'000.-<\/dd>\n      <dt>Ma\u00eetre d\u2019ouvrage<\/dt><dd>Grunder AG, Utzigen<\/dd>\n      <dt>Architecte<\/dt><dd>Propri\u00e9taire<\/dd>\n    <\/dl>\n  <\/article>\n\n  <article class=\"reference-item\">\n    <h3>Centre d\u2019affaires Tempelhof, Thoune<\/h3>\n    <dl>\n      <dt>Type de fa\u00e7ade<\/dt><dd>Sto-Ventec et t\u00f4le Simmsblech<\/dd>\n      <dt>Montant du mandat<\/dt><dd>Fr. 300'000.-<\/dd>\n      <dt>Ma\u00eetre d\u2019ouvrage<\/dt><dd>BHG Tempelhof Thun<\/dd>\n      <dt>Architecte<\/dt><dd>Messerli Architekten AG, Belp<\/dd>\n    <\/dl>\n  <\/article>\n<\/section>\n\t\t\t\t<\/div>\n\t\t\t\t<\/div>\n\t\t\t\t\t<\/div>\n\t\t\t\t<\/div>\n\t\t\t\t<\/div>\n\t\t","protected":false},"excerpt":{"rendered":"<p>Nos r\u00e9f\u00e9rences Construction de fa\u00e7ades Maison individuelle, Wolfacher 4, 1714 Heitenried Type de fa\u00e7ade Panneaux Eternit grand format Montant du mandat Fr. 115&rsquo;000.- Ma\u00eetre d\u2019ouvrage Famille Aebischer &#8211; Hofer, Heitenried Architecte Binz Architekten, 1700 Fribourg Immeuble d\u2019habitation, Route de Berne, 1700 Fribourg Type de fa\u00e7ade Panneaux Eternit grand format Montant du mandat Fr. 300&rsquo;000.- Ma\u00eetre [&hellip;]<\/p>\n","protected":false},"author":2,"featured_media":0,"parent":2278,"menu_order":0,"comment_status":"closed","ping_status":"closed","template":"","meta":{"footnotes":""},"class_list":["post-2280","page","type-page","status-publish","hentry"],"_links":{"self":[{"href":"https:\/\/www.hofer-ag.ch\/fr\/wp-json\/wp\/v2\/pages\/2280","targetHints":{"allow":["GET"]}}],"collection":[{"href":"https:\/\/www.hofer-ag.ch\/fr\/wp-json\/wp\/v2\/pages"}],"about":[{"href":"https:\/\/www.hofer-ag.ch\/fr\/wp-json\/wp\/v2\/types\/page"}],"author":[{"embeddable":true,"href":"https:\/\/www.hofer-ag.ch\/fr\/wp-json\/wp\/v2\/users\/2"}],"replies":[{"embeddable":true,"href":"https:\/\/www.hofer-ag.ch\/fr\/wp-json\/wp\/v2\/comments?post=2280"}],"version-history":[{"count":11,"href":"https:\/\/www.hofer-ag.ch\/fr\/wp-json\/wp\/v2\/pages\/2280\/revisions"}],"predecessor-version":[{"id":2353,"href":"https:\/\/www.hofer-ag.ch\/fr\/wp-json\/wp\/v2\/pages\/2280\/revisions\/2353"}],"up":[{"embeddable":true,"href":"https:\/\/www.hofer-ag.ch\/fr\/wp-json\/wp\/v2\/pages\/2278"}],"wp:attachment":[{"href":"https:\/\/www.hofer-ag.ch\/fr\/wp-json\/wp\/v2\/media?parent=2280"}],"curies":[{"name":"wp","href":"https:\/\/api.w.org\/{rel}","templated":true}]}}