{"id":2294,"date":"2025-09-07T19:58:15","date_gmt":"2025-09-07T19:58:15","guid":{"rendered":"https:\/\/www.hofer-ag.ch\/?page_id=2294"},"modified":"2025-09-07T21:59:18","modified_gmt":"2025-09-07T21:59:18","slug":"reference-chauffage","status":"publish","type":"page","link":"https:\/\/www.hofer-ag.ch\/fr\/references\/reference-chauffage\/","title":{"rendered":"Chauffage"},"content":{"rendered":"\t\t<div data-elementor-type=\"wp-page\" data-elementor-id=\"2294\" class=\"elementor elementor-2294\" data-elementor-post-type=\"page\">\n\t\t\t\t<div class=\"elementor-element elementor-element-fd631a1 e-con-full e-flex e-con e-parent\" data-id=\"fd631a1\" data-element_type=\"container\" data-e-type=\"container\">\n\t\t<div class=\"elementor-element elementor-element-3732376 e-con-full e-flex e-con e-child\" data-id=\"3732376\" data-element_type=\"container\" data-e-type=\"container\" data-settings=\"{&quot;background_background&quot;:&quot;classic&quot;}\">\n\t\t\t\t<div class=\"elementor-element elementor-element-480a470 elementor-widget elementor-widget-heading\" data-id=\"480a470\" data-element_type=\"widget\" data-e-type=\"widget\" data-widget_type=\"heading.default\">\n\t\t\t\t<div class=\"elementor-widget-container\">\n\t\t\t\t\t<h2 class=\"elementor-heading-title elementor-size-default\">Nos r\u00e9f\u00e9rences<\/h2>\t\t\t\t<\/div>\n\t\t\t\t<\/div>\n\t\t\t\t<div class=\"elementor-element elementor-element-81a967f elementor-widget elementor-widget-heading\" data-id=\"81a967f\" data-element_type=\"widget\" data-e-type=\"widget\" data-widget_type=\"heading.default\">\n\t\t\t\t<div class=\"elementor-widget-container\">\n\t\t\t\t\t<h1 class=\"elementor-heading-title elementor-size-default\">Chauffage<\/h1>\t\t\t\t<\/div>\n\t\t\t\t<\/div>\n\t\t\t\t<\/div>\n\t\t<div class=\"elementor-element elementor-element-2ba93c1 e-con-full e-flex e-con e-child\" data-id=\"2ba93c1\" data-element_type=\"container\" data-e-type=\"container\" data-settings=\"{&quot;background_background&quot;:&quot;classic&quot;,&quot;background_motion_fx_motion_fx_scrolling&quot;:&quot;yes&quot;,&quot;background_motion_fx_devices&quot;:[&quot;desktop&quot;,&quot;tablet&quot;,&quot;mobile&quot;]}\">\n\t\t\t\t<\/div>\n\t\t\t\t<\/div>\n\t\t<div class=\"elementor-element elementor-element-8e1289e e-flex e-con-boxed e-con e-parent\" data-id=\"8e1289e\" data-element_type=\"container\" data-e-type=\"container\">\n\t\t\t\t\t<div class=\"e-con-inner\">\n\t\t\t\t<div class=\"elementor-element elementor-element-d7e99fc elementor-widget elementor-widget-html\" data-id=\"d7e99fc\" data-element_type=\"widget\" data-e-type=\"widget\" data-widget_type=\"html.default\">\n\t\t\t\t<div class=\"elementor-widget-container\">\n\t\t\t\t\t<section id=\"references-facade\">\n \n\n  <article class=\"reference-item\">\n    <h3>D\u00e9p\u00f4t du Mus\u00e9e de la communication, Schwarzenburg<\/h3>\n    <dl>\n      <dt>Syst\u00e8me<\/dt><dd>2 pompes \u00e0 chaleur air eau de 120 kW chacune<\/dd>\n      <dt>Montant du mandat<\/dt><dd>Fr. 360'000.-<\/dd>\n      <dt>Architecte<\/dt><dd>Pfenninger Architektur GmbH, Murten<\/dd>\n    <\/dl>\n  <\/article>\n\n  <article class=\"reference-item\">\n    <h3>Nouvelle centrale de chauffage d\u2019appoint au mazout, Schwarzenburg<\/h3>\n    <dl>\n      <dt>Montant du mandat<\/dt><dd>Fr. 280'000.-<\/dd>\n      <dt>Ma\u00eetre d\u2019ouvrage<\/dt><dd>Dorfburger Schwarzenburg<\/dd>\n      <dt>Architecte<\/dt><dd>GUNEP GmbH, Jegenstorf<\/dd>\n    <\/dl>\n  <\/article>\n\n  <article class=\"reference-item\">\n    <h3>Immeuble d\u2019habitation, Bahnhofstrasse 12, Schwarzenburg<\/h3>\n    <dl>\n      <dt>Travaux r\u00e9alis\u00e9s<\/dt><dd>Sous station de chauffage \u00e0 distance<\/dd>\n      <dt>Montant du mandat<\/dt><dd>Fr. 70'000.-<\/dd>\n      <dt>Architecte<\/dt><dd>Freiluft Architekten, Schwarzenburg<\/dd>\n    <\/dl>\n  <\/article>\n\n  <article class=\"reference-item\">\n    <h3>Nouveaux immeubles d\u2019habitation, Stengeli 10 12 14 16, Schwarzenburg<\/h3>\n    <dl>\n      <dt>Travaux r\u00e9alis\u00e9s<\/dt><dd>Chauffage \u00e0 distance et distribution avec chauffage par le sol<\/dd>\n      <dt>Montant du mandat<\/dt><dd>Fr. 157'000.-<\/dd>\n      <dt>Architecte<\/dt><dd>Ductus Studio, Berne<\/dd>\n    <\/dl>\n  <\/article>\n\n  <article class=\"reference-item\">\n    <h3>Atelier bureaux et showroom Yasiflor GantrischPool, Schwarzenburg<\/h3>\n    <dl>\n      <dt>Travaux r\u00e9alis\u00e9s<\/dt><dd>PAC air eau et distribution avec chauffage par le sol<\/dd>\n      <dt>Montant du mandat<\/dt><dd>Fr. 70'000.-<\/dd>\n      <dt>Architecte<\/dt><dd>Kreuter Architekten AG, Schwarzenburg<\/dd>\n    <\/dl>\n  <\/article>\n\n  <article class=\"reference-item\">\n    <h3>Immeubles d\u2019habitation, Stengeli 3 et 5, Schwarzenburg<\/h3>\n    <dl>\n      <dt>Travaux r\u00e9alis\u00e9s<\/dt><dd>Sous station de chauffage \u00e0 distance et distribution avec chauffage par le sol<\/dd>\n      <dt>Montant du mandat<\/dt><dd>Fr. 165'000.-<\/dd>\n      <dt>Architecte<\/dt><dd>Ductus Studio, Berne<\/dd>\n    <\/dl>\n  <\/article>\n\n  <article class=\"reference-item\">\n    <h3>Maison individuelle, Guggisbergstrasse 4, Schwarzenburg<\/h3>\n    <dl>\n      <dt>Travaux r\u00e9alis\u00e9s<\/dt><dd>Remplacement de la chaudi\u00e8re \u00e0 mazout par une PAC air eau et nouvelle distribution avec radiateurs<\/dd>\n      <dt>Montant du mandat<\/dt><dd>Fr. 60'000.-<\/dd>\n      <dt>Ma\u00eetre d\u2019ouvrage<\/dt><dd>Schumacher, Schwarzenburg<\/dd>\n    <\/dl>\n  <\/article>\n\n  <article class=\"reference-item\">\n    <h3>Schwarzenburgstrasse 780 782 et 784 786, Niederscherli<\/h3>\n    <dl>\n      <dt>Travaux r\u00e9alis\u00e9s<\/dt><dd>Remplacement des chaudi\u00e8res \u00e0 mazout par 2 PAC sol eau<\/dd>\n      <dt>Montant du mandat<\/dt><dd>Fr. 240'000.-<\/dd>\n      <dt>Ma\u00eetre d\u2019ouvrage<\/dt><dd>Bovisi, Niederscherli<\/dd>\n    <\/dl>\n  <\/article>\n\n  <article class=\"reference-item\">\n    <h3>Paroisse r\u00e9form\u00e9e \u00e9vang\u00e9lique de Schwarzenburg, Junkerngasse 13, Schwarzenburg<\/h3>\n    <dl>\n      <dt>Travaux r\u00e9alis\u00e9s<\/dt><dd>Remplacement de la chaudi\u00e8re \u00e0 mazout par une PAC air eau<\/dd>\n      <dt>Montant du mandat<\/dt><dd>Fr. 58'000.-<\/dd>\n      <dt>Ma\u00eetre d\u2019ouvrage<\/dt><dd>Paroisse r\u00e9form\u00e9e \u00e9vang\u00e9lique de Schwarzenburg<\/dd>\n    <\/dl>\n  <\/article>\n\n  <article class=\"reference-item\">\n    <h3>R\u00e9novation, Rue de la Samaritaine 29, Fribourg<\/h3>\n    <dl>\n      <dt>Syst\u00e8me<\/dt><dd>PAC air eau install\u00e9e en int\u00e9rieur avec distribution par chauffage au sol<\/dd>\n      <dt>Montant du mandat<\/dt><dd>Fr. 53'000.-<\/dd>\n      <dt>Architecte<\/dt><dd>M\u00e4der et Luder Architekten AG<\/dd>\n    <\/dl>\n  <\/article>\n\n  <article class=\"reference-item\">\n    <h3>Galgenzelg 15 17 19, Schwarzenburg<\/h3>\n    <dl>\n      <dt>Syst\u00e8me<\/dt><dd>3 pompes \u00e0 chaleur sol eau<\/dd>\n      <dt>Montant du mandat<\/dt><dd>Fr. 244'000.-<\/dd>\n      <dt>Ma\u00eetre d\u2019ouvrage<\/dt><dd>Mart M\u00fcller et Binggeli, Schwarzenburg<\/dd>\n    <\/dl>\n  <\/article>\n\n  <article class=\"reference-item\">\n    <h3>Ensemble Kappelen, Schwarzenburg<\/h3>\n    <dl>\n      <dt>Travaux r\u00e9alis\u00e9s<\/dt><dd>Sous station de chauffage \u00e0 distance<\/dd>\n      <dt>Montant du mandat<\/dt><dd>Fr. 45'000.-<\/dd>\n      <dt>Ma\u00eetre d\u2019ouvrage<\/dt><dd>DLZ Villa Gantrisch AG<\/dd>\n    <\/dl>\n  <\/article>\n\n  <article class=\"reference-item\">\n    <h3>Maison individuelle Jotterand, 1700 Fribourg<\/h3>\n    <dl>\n      <dt>Travaux r\u00e9alis\u00e9s<\/dt><dd>Remplacement de la chaudi\u00e8re \u00e0 mazout par une PAC air eau split avec module WPS<\/dd>\n      <dt>Montant du mandat<\/dt><dd>Fr. 46'000.-<\/dd>\n      <dt>Ma\u00eetre d\u2019ouvrage<\/dt><dd>M. et Mme Jotterand, 1700 Fribourg<\/dd>\n    <\/dl>\n  <\/article>\n\n  <article class=\"reference-item\">\n    <h3>Maison individuelle Beyeler, 1740 Neyruz<\/h3>\n    <dl>\n      <dt>Travaux r\u00e9alis\u00e9s<\/dt><dd>Remplacement du chauffage \u00e9lectrique par une PAC air eau avec module WPS<\/dd>\n      <dt>Montant du mandat<\/dt><dd>Fr. 60'000.-<\/dd>\n      <dt>Ma\u00eetre d\u2019ouvrage<\/dt><dd>M. et Mme Beyeler, 1740 Neyruz<\/dd>\n    <\/dl>\n  <\/article>\n\n  <article class=\"reference-item\">\n    <h3>B\u00e2timent scolaire T\u00e4nnlenen<\/h3>\n    <dl>\n      <dt>Montant du mandat<\/dt><dd>Fr. 170'000.-<\/dd>\n      <dt>Ma\u00eetre d\u2019ouvrage<\/dt><dd>Commune de Schwarzenburg<\/dd>\n      <dt>Ing\u00e9nierie<\/dt><dd>k+v Ingenieure + Planer GmbH<\/dd>\n    <\/dl>\n  <\/article>\n\n  <article class=\"reference-item\">\n    <h3>Wetras centrale<\/h3>\n    <dl>\n      <dt>Montant du mandat<\/dt><dd>Fr. 165'000.-<\/dd>\n      <dt>Ma\u00eetre d\u2019ouvrage<\/dt><dd>WV Wetras, Schwarzenburg<\/dd>\n      <dt>Planification technique<\/dt><dd>Abb\u00fchl Haustechnikplanung, Wimmis<\/dd>\n    <\/dl>\n  <\/article>\n\n  <article class=\"reference-item\">\n    <h3>Fondation Bernaville, Schwarzenburg<\/h3>\n    <dl>\n      <dt>Travaux r\u00e9alis\u00e9s<\/dt><dd>Chauffage \u00e0 distance et sous station<\/dd>\n      <dt>Montant du mandat<\/dt><dd>Fr. 70'000.-<\/dd>\n      <dt>Ma\u00eetre d\u2019ouvrage<\/dt><dd>Fondation Bernaville, Schwarzenburg<\/dd>\n    <\/dl>\n  <\/article>\n\n  <article class=\"reference-item\">\n    <h3>Untere Gantrischh\u00fctte, remplacement de chaudi\u00e8re<\/h3>\n    <dl>\n      <dt>Montant du mandat<\/dt><dd>Fr. 85'000.-<\/dd>\n      <dt>Architecture int\u00e9rieure<\/dt><dd>R W Stankiewitz, Riggisberg<\/dd>\n      <dt>Ma\u00eetre d\u2019ouvrage<\/dt><dd>D\u00e9partement f\u00e9d\u00e9ral de la protection de la population et des sports<\/dd>\n    <\/dl>\n  <\/article>\n\n  <article class=\"reference-item\">\n    <h3>DLZ Schwarzenburg<\/h3>\n    <dl>\n      <dt>Montant du mandat<\/dt><dd>Fr. 100'000.-<\/dd>\n      <dt>Architecture int\u00e9rieure<\/dt><dd>Artiv<\/dd>\n    <\/dl>\n  <\/article>\n\n  <article class=\"reference-item\">\n    <h3>Immeuble d\u2019habitation Stengeli, Schwarzenburg<\/h3>\n    <dl>\n      <dt>Montant du mandat<\/dt><dd>Fr. 60'000.-<\/dd>\n      <dt>Architecte<\/dt><dd>FRB Architekten AG, Ittigen<\/dd>\n    <\/dl>\n  <\/article>\n\n  <article class=\"reference-item\">\n    <h3>Immeuble d\u2019habitation, Alte Bernstrasse, Lanzenh\u00e4usern<\/h3>\n    <dl>\n      <dt>Montant du mandat<\/dt><dd>Fr. 129'000.-<\/dd>\n      <dt>Ma\u00eetre d\u2019ouvrage<\/dt><dd>Peter Johner, Berne<\/dd>\n      <dt>Architecte<\/dt><dd>Remund Holzbau, Schwarzenburg<\/dd>\n    <\/dl>\n  <\/article>\n\n  <article class=\"reference-item\">\n    <h3>Appartements pour seniors, Schwirrenpark<\/h3>\n    <dl>\n      <dt>Montant du mandat<\/dt><dd>Fr. 120'000.-<\/dd>\n      <dt>Ing\u00e9nieur<\/dt><dd>Strahm Ingenieur AG<\/dd>\n    <\/dl>\n  <\/article>\n\n  <article class=\"reference-item\">\n    <h3>Dorfplatz 20, Schwarzenburg<\/h3>\n    <dl>\n      <dt>Montant du mandat<\/dt><dd>Fr. 90'000.-<\/dd>\n      <dt>Ing\u00e9nieur<\/dt><dd>Keller Ingenieure AG, Schwarzenburg<\/dd>\n    <\/dl>\n  <\/article>\n\n  <article class=\"reference-item\">\n    <h3>Schwirrenh\u00fctte, Schwarzenburg<\/h3>\n    <dl>\n      <dt>Montant du mandat<\/dt><dd>Fr. 65'000.-<\/dd>\n      <dt>Architecte<\/dt><dd>Arch. PBS, Schwarzenburg<\/dd>\n    <\/dl>\n  <\/article>\n<\/section>\n\t\t\t\t<\/div>\n\t\t\t\t<\/div>\n\t\t\t\t\t<\/div>\n\t\t\t\t<\/div>\n\t\t\t\t<\/div>\n\t\t","protected":false},"excerpt":{"rendered":"<p>Nos r\u00e9f\u00e9rences Chauffage D\u00e9p\u00f4t du Mus\u00e9e de la communication, Schwarzenburg Syst\u00e8me 2 pompes \u00e0 chaleur air eau de 120 kW chacune Montant du mandat Fr. 360&rsquo;000.- Architecte Pfenninger Architektur GmbH, Murten Nouvelle centrale de chauffage d\u2019appoint au mazout, Schwarzenburg Montant du mandat Fr. 280&rsquo;000.- Ma\u00eetre d\u2019ouvrage Dorfburger Schwarzenburg Architecte GUNEP GmbH, Jegenstorf Immeuble d\u2019habitation, Bahnhofstrasse [&hellip;]<\/p>\n","protected":false},"author":2,"featured_media":0,"parent":2278,"menu_order":0,"comment_status":"closed","ping_status":"closed","template":"","meta":{"footnotes":""},"class_list":["post-2294","page","type-page","status-publish","hentry"],"_links":{"self":[{"href":"https:\/\/www.hofer-ag.ch\/fr\/wp-json\/wp\/v2\/pages\/2294","targetHints":{"allow":["GET"]}}],"collection":[{"href":"https:\/\/www.hofer-ag.ch\/fr\/wp-json\/wp\/v2\/pages"}],"about":[{"href":"https:\/\/www.hofer-ag.ch\/fr\/wp-json\/wp\/v2\/types\/page"}],"author":[{"embeddable":true,"href":"https:\/\/www.hofer-ag.ch\/fr\/wp-json\/wp\/v2\/users\/2"}],"replies":[{"embeddable":true,"href":"https:\/\/www.hofer-ag.ch\/fr\/wp-json\/wp\/v2\/comments?post=2294"}],"version-history":[{"count":9,"href":"https:\/\/www.hofer-ag.ch\/fr\/wp-json\/wp\/v2\/pages\/2294\/revisions"}],"predecessor-version":[{"id":2365,"href":"https:\/\/www.hofer-ag.ch\/fr\/wp-json\/wp\/v2\/pages\/2294\/revisions\/2365"}],"up":[{"embeddable":true,"href":"https:\/\/www.hofer-ag.ch\/fr\/wp-json\/wp\/v2\/pages\/2278"}],"wp:attachment":[{"href":"https:\/\/www.hofer-ag.ch\/fr\/wp-json\/wp\/v2\/media?parent=2294"}],"curies":[{"name":"wp","href":"https:\/\/api.w.org\/{rel}","templated":true}]}}