{"id":2299,"date":"2025-09-07T20:04:52","date_gmt":"2025-09-07T20:04:52","guid":{"rendered":"https:\/\/www.hofer-ag.ch\/?page_id=2299"},"modified":"2025-09-07T21:09:07","modified_gmt":"2025-09-07T21:09:07","slug":"reference-toiture-plate","status":"publish","type":"page","link":"https:\/\/www.hofer-ag.ch\/fr\/references\/reference-toiture-plate\/","title":{"rendered":"Toiture plate"},"content":{"rendered":"\t\t<div data-elementor-type=\"wp-page\" data-elementor-id=\"2299\" class=\"elementor elementor-2299\" data-elementor-post-type=\"page\">\n\t\t\t\t<div class=\"elementor-element elementor-element-fd631a1 e-con-full e-flex e-con e-parent\" data-id=\"fd631a1\" data-element_type=\"container\" data-e-type=\"container\">\n\t\t<div class=\"elementor-element elementor-element-3732376 e-con-full e-flex e-con e-child\" data-id=\"3732376\" data-element_type=\"container\" data-e-type=\"container\" data-settings=\"{&quot;background_background&quot;:&quot;classic&quot;}\">\n\t\t\t\t<div class=\"elementor-element elementor-element-480a470 elementor-widget elementor-widget-heading\" data-id=\"480a470\" data-element_type=\"widget\" data-e-type=\"widget\" data-widget_type=\"heading.default\">\n\t\t\t\t<div class=\"elementor-widget-container\">\n\t\t\t\t\t<h2 class=\"elementor-heading-title elementor-size-default\">Nos r\u00e9f\u00e9rences<\/h2>\t\t\t\t<\/div>\n\t\t\t\t<\/div>\n\t\t\t\t<div class=\"elementor-element elementor-element-81a967f elementor-widget elementor-widget-heading\" data-id=\"81a967f\" data-element_type=\"widget\" data-e-type=\"widget\" data-widget_type=\"heading.default\">\n\t\t\t\t<div class=\"elementor-widget-container\">\n\t\t\t\t\t<h1 class=\"elementor-heading-title elementor-size-default\">Toiture plate<\/h1>\t\t\t\t<\/div>\n\t\t\t\t<\/div>\n\t\t\t\t<\/div>\n\t\t<div class=\"elementor-element elementor-element-2ba93c1 e-con-full e-flex e-con e-child\" data-id=\"2ba93c1\" data-element_type=\"container\" data-e-type=\"container\" data-settings=\"{&quot;background_background&quot;:&quot;classic&quot;,&quot;background_motion_fx_motion_fx_scrolling&quot;:&quot;yes&quot;,&quot;background_motion_fx_devices&quot;:[&quot;desktop&quot;,&quot;tablet&quot;,&quot;mobile&quot;]}\">\n\t\t\t\t<\/div>\n\t\t\t\t<\/div>\n\t\t<div class=\"elementor-element elementor-element-8e1289e e-flex e-con-boxed e-con e-parent\" data-id=\"8e1289e\" data-element_type=\"container\" data-e-type=\"container\">\n\t\t\t\t\t<div class=\"e-con-inner\">\n\t\t\t\t<div class=\"elementor-element elementor-element-d7e99fc elementor-widget elementor-widget-html\" data-id=\"d7e99fc\" data-element_type=\"widget\" data-e-type=\"widget\" data-widget_type=\"html.default\">\n\t\t\t\t<div class=\"elementor-widget-container\">\n\t\t\t\t\t<section id=\"references-facade\">\n\n\n  <article class=\"reference-item\">\n    <h3>STEP ARA Sensetal, construction neuve<\/h3>\n    <dl>\n      <dt>Travaux r\u00e9alis\u00e9s<\/dt><dd>Traitement des micropolluants; \u00e9tanch\u00e9it\u00e9 bitumineuse<\/dd>\n      <dt>Montant du mandat<\/dt><dd>Fr. 220'000.-<\/dd>\n      <dt>Architecte<\/dt><dd>Hollinger AG, Berne<\/dd>\n    <\/dl>\n  <\/article>\n\n  <article class=\"reference-item\">\n    <h3>Maison individuelle, Stengeli, Schwarzenburg<\/h3>\n    <dl>\n      <dt>Phase<\/dt><dd>Construction neuve<\/dd>\n      <dt>Montant du mandat<\/dt><dd>Fr. 30'000.-<\/dd>\n      <dt>Architecte \/ Ma\u00eetre d\u2019ouvrage<\/dt><dd>SWISSHAUS AG \/ M. Kunz<\/dd>\n    <\/dl>\n  <\/article>\n\n  <article class=\"reference-item\">\n    <h3>Immeuble d\u2019habitation, Stengeli, Schwarzenburg<\/h3>\n    <dl>\n      <dt>Phase<\/dt><dd>Construction neuve<\/dd>\n      <dt>Montant du mandat<\/dt><dd>Fr. 88'000.-<\/dd>\n      <dt>Architecte<\/dt><dd>FRB Architekten AG, Ittigen<\/dd>\n    <\/dl>\n  <\/article>\n\n  <article class=\"reference-item\">\n    <h3>Centrale de chauffage au bois, Schliern<\/h3>\n    <dl>\n      <dt>Montant du mandat<\/dt><dd>Fr. 90'000.-<\/dd>\n      <dt>Architecte<\/dt><dd>PlanArt, Grindelwald<\/dd>\n    <\/dl>\n  <\/article>\n\n  <article class=\"reference-item\">\n    <h3>Arsenal, Fribourg<\/h3>\n    <dl>\n      <dt>Montant du mandat<\/dt><dd>Fr. 350'000.-<\/dd>\n      <dt>Ma\u00eetre d\u2019ouvrage<\/dt><dd>\u00c9tat de Fribourg<\/dd>\n      <dt>Architecte<\/dt><dd>Service des b\u00e2timents, M. Piller<\/dd>\n    <\/dl>\n  <\/article>\n\n  <article class=\"reference-item\">\n    <h3>Garage Corpataux, Schwarzenburg<\/h3>\n    <dl>\n      <dt>Travaux r\u00e9alis\u00e9s<\/dt><dd>Toiture nue en membrane TPO<\/dd>\n      <dt>Montant du mandat<\/dt><dd>Fr. 100'000.-<\/dd>\n      <dt>Ma\u00eetre d\u2019ouvrage<\/dt><dd>Garage Corpataux AG<\/dd>\n      <dt>Architecte<\/dt><dd>Vifian E. + H. + Partner Arch. AG<\/dd>\n    <\/dl>\n  <\/article>\n\n  <article class=\"reference-item\">\n    <h3>Immeubles d\u2019habitation, Voremberg, Schwarzenburg<\/h3>\n    <dl>\n      <dt>Phase<\/dt><dd>\u00c9tapes 1, 2 et 3<\/dd>\n      <dt>Montant du mandat<\/dt><dd>Fr. 650'000.-<\/dd>\n      <dt>Ma\u00eetre d\u2019ouvrage<\/dt><dd>Gilgen Imm. AG, Schwarzenburg<\/dd>\n      <dt>Architecte<\/dt><dd>Aeschbacher + Partner GmbH, Schwarzenburg<\/dd>\n    <\/dl>\n  <\/article>\n\n  <article class=\"reference-item\">\n    <h3>6 maisons individuelles, Voremberg, Schwarzenburg<\/h3>\n    <dl>\n      <dt>Phase<\/dt><dd>\u00c9tapes 1 et 2<\/dd>\n      <dt>Montant du mandat<\/dt><dd>Fr. 240'000.-<\/dd>\n      <dt>Ma\u00eetre d\u2019ouvrage<\/dt><dd>Gilgen Imm. AG, Schwarzenburg<\/dd>\n      <dt>Architecte<\/dt><dd>Aeschbacher + Partner GmbH, Schwarzenburg<\/dd>\n    <\/dl>\n  <\/article>\n\n  <article class=\"reference-item\">\n    <h3>Vifian M\u00f6belwerkst\u00e4tte AG, 3150 Schwarzenburg<\/h3>\n    <dl>\n      <dt>Montant du mandat<\/dt><dd>Fr. 85'000.-<\/dd>\n      <dt>Ma\u00eetre d\u2019ouvrage<\/dt><dd>Vifian M\u00f6belwerkst\u00e4tten AG<\/dd>\n      <dt>Architecte<\/dt><dd>Vifian E. + H. + Partner Arch. AG<\/dd>\n    <\/dl>\n  <\/article>\n\n  <article class=\"reference-item\">\n    <h3>Villa B, Widmannstrasse 11, Muri<\/h3>\n    <dl>\n      <dt>Montant du mandat<\/dt><dd>Fr. 210'000.-<\/dd>\n      <dt>Ma\u00eetre d\u2019ouvrage<\/dt><dd>K. et B. Bratschi-Weber<\/dd>\n      <dt>Architecte<\/dt><dd>SMC Management, Winterthur<\/dd>\n    <\/dl>\n  <\/article>\n\n  <article class=\"reference-item\">\n    <h3>Immeuble d\u2019habitation, Gertrud-Kurz-Weg 3, 3006 Berne<\/h3>\n    <dl>\n      <dt>Montant du mandat<\/dt><dd>Fr. 70'000.-<\/dd>\n      <dt>Ma\u00eetre d\u2019ouvrage<\/dt><dd>STWE Gertrud-Kurz-Weg 3, 3011 Berne<\/dd>\n      <dt>Architecte<\/dt><dd>Notariat Iseli, 3000 Berne<\/dd>\n    <\/dl>\n  <\/article>\n\n  <article class=\"reference-item\">\n    <h3>Logements sociaux, Schluechtern 16, Schwarzenburg<\/h3>\n    <dl>\n      <dt>Montant du mandat<\/dt><dd>Fr. 120'000.-<\/dd>\n      <dt>Architecte<\/dt><dd>Commune de Wahlern, M. Gugger<\/dd>\n    <\/dl>\n  <\/article>\n\n  <article class=\"reference-item\">\n    <h3>Poste Garage, Thunstrasse, 3150 Schwarzenburg<\/h3>\n    <dl>\n      <dt>Montant du mandat<\/dt><dd>Fr. 48'000.-<\/dd>\n      <dt>Architecte<\/dt><dd>Swisscom, Direction g\u00e9n\u00e9rale Berne, M. Ryter<\/dd>\n    <\/dl>\n  <\/article>\n\n  <article class=\"reference-item\">\n    <h3>CO La Tour-de-Tr\u00eame, b\u00e2timent salle de sport et th\u00e9\u00e2tre<\/h3>\n    <dl>\n      <dt>Montant du mandat<\/dt><dd>Fr. 210'000.-<\/dd>\n      <dt>Architecte<\/dt><dd>Atelier d\u2019architecture A3, Bulle, M. Grandjean<\/dd>\n    <\/dl>\n  <\/article>\n<\/section>\n\t\t\t\t<\/div>\n\t\t\t\t<\/div>\n\t\t\t\t\t<\/div>\n\t\t\t\t<\/div>\n\t\t\t\t<\/div>\n\t\t","protected":false},"excerpt":{"rendered":"<p>Nos r\u00e9f\u00e9rences Toiture plate STEP ARA Sensetal, construction neuve Travaux r\u00e9alis\u00e9s Traitement des micropolluants; \u00e9tanch\u00e9it\u00e9 bitumineuse Montant du mandat Fr. 220&rsquo;000.- Architecte Hollinger AG, Berne Maison individuelle, Stengeli, Schwarzenburg Phase Construction neuve Montant du mandat Fr. 30&rsquo;000.- Architecte \/ Ma\u00eetre d\u2019ouvrage SWISSHAUS AG \/ M. Kunz Immeuble d\u2019habitation, Stengeli, Schwarzenburg Phase Construction neuve Montant du [&hellip;]<\/p>\n","protected":false},"author":2,"featured_media":0,"parent":2278,"menu_order":0,"comment_status":"closed","ping_status":"closed","template":"","meta":{"footnotes":""},"class_list":["post-2299","page","type-page","status-publish","hentry"],"_links":{"self":[{"href":"https:\/\/www.hofer-ag.ch\/fr\/wp-json\/wp\/v2\/pages\/2299","targetHints":{"allow":["GET"]}}],"collection":[{"href":"https:\/\/www.hofer-ag.ch\/fr\/wp-json\/wp\/v2\/pages"}],"about":[{"href":"https:\/\/www.hofer-ag.ch\/fr\/wp-json\/wp\/v2\/types\/page"}],"author":[{"embeddable":true,"href":"https:\/\/www.hofer-ag.ch\/fr\/wp-json\/wp\/v2\/users\/2"}],"replies":[{"embeddable":true,"href":"https:\/\/www.hofer-ag.ch\/fr\/wp-json\/wp\/v2\/comments?post=2299"}],"version-history":[{"count":8,"href":"https:\/\/www.hofer-ag.ch\/fr\/wp-json\/wp\/v2\/pages\/2299\/revisions"}],"predecessor-version":[{"id":2354,"href":"https:\/\/www.hofer-ag.ch\/fr\/wp-json\/wp\/v2\/pages\/2299\/revisions\/2354"}],"up":[{"embeddable":true,"href":"https:\/\/www.hofer-ag.ch\/fr\/wp-json\/wp\/v2\/pages\/2278"}],"wp:attachment":[{"href":"https:\/\/www.hofer-ag.ch\/fr\/wp-json\/wp\/v2\/media?parent=2299"}],"curies":[{"name":"wp","href":"https:\/\/api.w.org\/{rel}","templated":true}]}}