{"id":2303,"date":"2025-09-07T20:26:55","date_gmt":"2025-09-07T20:26:55","guid":{"rendered":"https:\/\/www.hofer-ag.ch\/?page_id=2303"},"modified":"2025-09-07T21:10:53","modified_gmt":"2025-09-07T21:10:53","slug":"installations-industrielles","status":"publish","type":"page","link":"https:\/\/www.hofer-ag.ch\/fr\/references\/installations-industrielles\/","title":{"rendered":"Installations industrielles"},"content":{"rendered":"\t\t<div data-elementor-type=\"wp-page\" data-elementor-id=\"2303\" class=\"elementor elementor-2303\" data-elementor-post-type=\"page\">\n\t\t\t\t<div class=\"elementor-element elementor-element-fd631a1 e-con-full e-flex e-con e-parent\" data-id=\"fd631a1\" data-element_type=\"container\" data-e-type=\"container\">\n\t\t<div class=\"elementor-element elementor-element-3732376 e-con-full e-flex e-con e-child\" data-id=\"3732376\" data-element_type=\"container\" data-e-type=\"container\" data-settings=\"{&quot;background_background&quot;:&quot;classic&quot;}\">\n\t\t\t\t<div class=\"elementor-element elementor-element-480a470 elementor-widget elementor-widget-heading\" data-id=\"480a470\" data-element_type=\"widget\" data-e-type=\"widget\" data-widget_type=\"heading.default\">\n\t\t\t\t<div class=\"elementor-widget-container\">\n\t\t\t\t\t<h2 class=\"elementor-heading-title elementor-size-default\">Nos r\u00e9f\u00e9rences<\/h2>\t\t\t\t<\/div>\n\t\t\t\t<\/div>\n\t\t\t\t<div class=\"elementor-element elementor-element-81a967f elementor-widget elementor-widget-heading\" data-id=\"81a967f\" data-element_type=\"widget\" data-e-type=\"widget\" data-widget_type=\"heading.default\">\n\t\t\t\t<div class=\"elementor-widget-container\">\n\t\t\t\t\t<h1 class=\"elementor-heading-title elementor-size-default\">Installations industrielles<\/h1>\t\t\t\t<\/div>\n\t\t\t\t<\/div>\n\t\t\t\t<\/div>\n\t\t<div class=\"elementor-element elementor-element-2ba93c1 e-con-full e-flex e-con e-child\" data-id=\"2ba93c1\" data-element_type=\"container\" data-e-type=\"container\" data-settings=\"{&quot;background_background&quot;:&quot;classic&quot;,&quot;background_motion_fx_motion_fx_scrolling&quot;:&quot;yes&quot;,&quot;background_motion_fx_devices&quot;:[&quot;desktop&quot;,&quot;tablet&quot;,&quot;mobile&quot;]}\">\n\t\t\t\t<\/div>\n\t\t\t\t<\/div>\n\t\t<div class=\"elementor-element elementor-element-8e1289e e-flex e-con-boxed e-con e-parent\" data-id=\"8e1289e\" data-element_type=\"container\" data-e-type=\"container\">\n\t\t\t\t\t<div class=\"e-con-inner\">\n\t\t\t\t<div class=\"elementor-element elementor-element-d7e99fc elementor-widget elementor-widget-html\" data-id=\"d7e99fc\" data-element_type=\"widget\" data-e-type=\"widget\" data-widget_type=\"html.default\">\n\t\t\t\t<div class=\"elementor-widget-container\">\n\t\t\t\t\t<section id=\"references-facade\">\n \n\n  <article class=\"reference-item\">\n    <h3>Narida AG, 3148 Lanzenh\u00e4usern<\/h3>\n    <dl>\n      <dt>Travaux r\u00e9alis\u00e9s<\/dt><dd>Compresseurs d\u2019air comprim\u00e9 avec conduites en inox soud\u00e9es<\/dd>\n      <dt>Montant du mandat<\/dt><dd>Fr. 50'000.-<\/dd>\n      <dt>Ma\u00eetre d\u2019ouvrage<\/dt><dd>Narida AG, M. Wiedmer<\/dd>\n    <\/dl>\n  <\/article>\n\n  <article class=\"reference-item\">\n    <h3>Centre de distribution ALDI, Domdidier<\/h3>\n    <dl>\n      <dt>Montant du mandat<\/dt><dd>Fr. 45'700.-<\/dd>\n      <dt>Architecte<\/dt><dd>W. Wettstein AG, G\u00fcmligen<\/dd>\n    <\/dl>\n  <\/article>\n\n  <article class=\"reference-item\">\n    <h3>Micarna SA, unit\u00e9 d\u2019\u00e9chaudage volaille<\/h3>\n    <dl>\n      <dt>Montant du mandat<\/dt><dd>Fr. 88'000.-<\/dd>\n      <dt>Architecte<\/dt><dd>Micarna SA, Oberson<\/dd>\n    <\/dl>\n  <\/article>\n\n  <article class=\"reference-item\">\n    <h3>Commune de Schwarzenburg, alimentation d\u2019urgence en eau<\/h3>\n    <dl>\n      <dt>Montant du mandat<\/dt><dd>Fr. 50'000.-<\/dd>\n      <dt>Ing\u00e9nieur<\/dt><dd>P. Keller, Schwarzenburg<\/dd>\n      <dt>Contact<\/dt><dd>D. Gerber, Commune de Schwarzenburg<\/dd>\n    <\/dl>\n  <\/article>\n\n  <article class=\"reference-item\">\n    <h3>Micarna SA, abattoir de dindes<\/h3>\n    <dl>\n      <dt>Montant du mandat<\/dt><dd>Fr. 1'000'000.-<\/dd>\n      <dt>Ing\u00e9nieur<\/dt><dd>Hofer AG, M. Zwahlen<\/dd>\n    <\/dl>\n  <\/article>\n\n  <article class=\"reference-item\">\n    <h3>ELSA Estavayer Lait SA (Migros), Estavayer-le-Lac<\/h3>\n    <dl>\n      <dt>Travaux r\u00e9alis\u00e9s<\/dt><dd>Installations vapeur en acier ST 37<\/dd>\n      <dt>Montant du mandat<\/dt><dd>Fr. 200'000.-<\/dd>\n      <dt>Ing\u00e9nieur<\/dt><dd>ELSA, M. Baumgartner<\/dd>\n    <\/dl>\n  <\/article>\n\n  <article class=\"reference-item\">\n    <h3>ELSA Estavayer Lait SA (Migros), Estavayer-le-Lac<\/h3>\n    <dl>\n      <dt>Travaux r\u00e9alis\u00e9s<\/dt><dd>Conduites d\u2019eau glac\u00e9e DN 300 \u00e0 500 mm en inox<\/dd>\n      <dt>Montant du mandat<\/dt><dd>Fr. 500'000.-<\/dd>\n      <dt>Ing\u00e9nieur<\/dt><dd>ELSA, M. Baumgartner<\/dd>\n    <\/dl>\n  <\/article>\n\n  <article class=\"reference-item\">\n    <h3>STEP Estavayer-le-Lac<\/h3>\n    <dl>\n      <dt>Montant du mandat<\/dt><dd>Fr. 24'000.-<\/dd>\n      <dt>Ing\u00e9nieur<\/dt><dd>C. von der Weid, Fribourg<\/dd>\n    <\/dl>\n  <\/article>\n\n  <article class=\"reference-item\">\n    <h3>STEP Muntelier<\/h3>\n    <dl>\n      <dt>Montant du mandat<\/dt><dd>Fr. 240'000.-<\/dd>\n      <dt>Ing\u00e9nieur<\/dt><dd>CIC Fribourg<\/dd>\n      <dt>Contact<\/dt><dd>STEP Muntelier, M. Huser<\/dd>\n    <\/dl>\n  <\/article>\n\n  <article class=\"reference-item\">\n    <h3>STEP Guggersbach<\/h3>\n    <dl>\n      <dt>Montant du mandat<\/dt><dd>Fr. 320'000.-<\/dd>\n      <dt>Ing\u00e9nieur<\/dt><dd>CIC Fribourg<\/dd>\n      <dt>Contact<\/dt><dd>STEP Guggersbach, M. Bapst<\/dd>\n    <\/dl>\n  <\/article>\n\n  <article class=\"reference-item\">\n    <h3>R\u00e9servoir Milken<\/h3>\n    <dl>\n      <dt>Montant du mandat<\/dt><dd>Fr. 150'000.-<\/dd>\n      <dt>Ing\u00e9nieur<\/dt><dd>Commune de Wahlern, M. Gerber<\/dd>\n    <\/dl>\n  <\/article>\n\n  <article class=\"reference-item\">\n    <h3>Communes de La Neuveville et du Landeron, STEP Le Landeron<\/h3>\n    <dl>\n      <dt>Montant du mandat<\/dt><dd>Fr. 150'000.-<\/dd>\n      <dt>Ing\u00e9nieur<\/dt><dd>Triform SA, Fribourg, M. Diener<\/dd>\n    <\/dl>\n  <\/article>\n\n  <article class=\"reference-item\">\n    <h3>HACO, G\u00fcmligen \u2014 site Narida, Lanzenh\u00e4usern<\/h3>\n    <dl>\n      <dt>Travaux r\u00e9alis\u00e9s<\/dt><dd>Conduites d\u2019air comprim\u00e9 en inox<\/dd>\n      <dt>Montant du mandat<\/dt><dd>Fr. 100'000.-<\/dd>\n      <dt>Contact<\/dt><dd>HACO G\u00fcmligen, M. Prato<\/dd>\n    <\/dl>\n  <\/article>\n<\/section>\n\t\t\t\t<\/div>\n\t\t\t\t<\/div>\n\t\t\t\t\t<\/div>\n\t\t\t\t<\/div>\n\t\t\t\t<\/div>\n\t\t","protected":false},"excerpt":{"rendered":"<p>Nos r\u00e9f\u00e9rences Installations industrielles Narida AG, 3148 Lanzenh\u00e4usern Travaux r\u00e9alis\u00e9s Compresseurs d\u2019air comprim\u00e9 avec conduites en inox soud\u00e9es Montant du mandat Fr. 50&rsquo;000.- Ma\u00eetre d\u2019ouvrage Narida AG, M. Wiedmer Centre de distribution ALDI, Domdidier Montant du mandat Fr. 45&rsquo;700.- Architecte W. Wettstein AG, G\u00fcmligen Micarna SA, unit\u00e9 d\u2019\u00e9chaudage volaille Montant du mandat Fr. 88&rsquo;000.- Architecte [&hellip;]<\/p>\n","protected":false},"author":2,"featured_media":0,"parent":2278,"menu_order":0,"comment_status":"closed","ping_status":"closed","template":"","meta":{"footnotes":""},"class_list":["post-2303","page","type-page","status-publish","hentry"],"_links":{"self":[{"href":"https:\/\/www.hofer-ag.ch\/fr\/wp-json\/wp\/v2\/pages\/2303","targetHints":{"allow":["GET"]}}],"collection":[{"href":"https:\/\/www.hofer-ag.ch\/fr\/wp-json\/wp\/v2\/pages"}],"about":[{"href":"https:\/\/www.hofer-ag.ch\/fr\/wp-json\/wp\/v2\/types\/page"}],"author":[{"embeddable":true,"href":"https:\/\/www.hofer-ag.ch\/fr\/wp-json\/wp\/v2\/users\/2"}],"replies":[{"embeddable":true,"href":"https:\/\/www.hofer-ag.ch\/fr\/wp-json\/wp\/v2\/comments?post=2303"}],"version-history":[{"count":6,"href":"https:\/\/www.hofer-ag.ch\/fr\/wp-json\/wp\/v2\/pages\/2303\/revisions"}],"predecessor-version":[{"id":2357,"href":"https:\/\/www.hofer-ag.ch\/fr\/wp-json\/wp\/v2\/pages\/2303\/revisions\/2357"}],"up":[{"embeddable":true,"href":"https:\/\/www.hofer-ag.ch\/fr\/wp-json\/wp\/v2\/pages\/2278"}],"wp:attachment":[{"href":"https:\/\/www.hofer-ag.ch\/fr\/wp-json\/wp\/v2\/media?parent=2303"}],"curies":[{"name":"wp","href":"https:\/\/api.w.org\/{rel}","templated":true}]}}