{"id":2314,"date":"2025-09-07T20:36:38","date_gmt":"2025-09-07T20:36:38","guid":{"rendered":"https:\/\/www.hofer-ag.ch\/?page_id=2314"},"modified":"2025-09-07T21:05:34","modified_gmt":"2025-09-07T21:05:34","slug":"ferblanterie","status":"publish","type":"page","link":"https:\/\/www.hofer-ag.ch\/fr\/references\/ferblanterie\/","title":{"rendered":"Ferblanterie"},"content":{"rendered":"\t\t<div data-elementor-type=\"wp-page\" data-elementor-id=\"2314\" class=\"elementor elementor-2314\" data-elementor-post-type=\"page\">\n\t\t\t\t<div class=\"elementor-element elementor-element-fd631a1 e-con-full e-flex e-con e-parent\" data-id=\"fd631a1\" data-element_type=\"container\" data-e-type=\"container\">\n\t\t<div class=\"elementor-element elementor-element-3732376 e-con-full e-flex e-con e-child\" data-id=\"3732376\" data-element_type=\"container\" data-e-type=\"container\" data-settings=\"{&quot;background_background&quot;:&quot;classic&quot;}\">\n\t\t\t\t<div class=\"elementor-element elementor-element-480a470 elementor-widget elementor-widget-heading\" data-id=\"480a470\" data-element_type=\"widget\" data-e-type=\"widget\" data-widget_type=\"heading.default\">\n\t\t\t\t<div class=\"elementor-widget-container\">\n\t\t\t\t\t<h2 class=\"elementor-heading-title elementor-size-default\">Nos r\u00e9f\u00e9rences<\/h2>\t\t\t\t<\/div>\n\t\t\t\t<\/div>\n\t\t\t\t<div class=\"elementor-element elementor-element-81a967f elementor-widget elementor-widget-heading\" data-id=\"81a967f\" data-element_type=\"widget\" data-e-type=\"widget\" data-widget_type=\"heading.default\">\n\t\t\t\t<div class=\"elementor-widget-container\">\n\t\t\t\t\t<h1 class=\"elementor-heading-title elementor-size-default\">Ferblanterie<\/h1>\t\t\t\t<\/div>\n\t\t\t\t<\/div>\n\t\t\t\t<\/div>\n\t\t<div class=\"elementor-element elementor-element-2ba93c1 e-con-full e-flex e-con e-child\" data-id=\"2ba93c1\" data-element_type=\"container\" data-e-type=\"container\" data-settings=\"{&quot;background_background&quot;:&quot;classic&quot;,&quot;background_motion_fx_motion_fx_scrolling&quot;:&quot;yes&quot;,&quot;background_motion_fx_devices&quot;:[&quot;desktop&quot;,&quot;tablet&quot;,&quot;mobile&quot;]}\">\n\t\t\t\t<\/div>\n\t\t\t\t<\/div>\n\t\t<div class=\"elementor-element elementor-element-8e1289e e-flex e-con-boxed e-con e-parent\" data-id=\"8e1289e\" data-element_type=\"container\" data-e-type=\"container\">\n\t\t\t\t\t<div class=\"e-con-inner\">\n\t\t\t\t<div class=\"elementor-element elementor-element-d7e99fc elementor-widget elementor-widget-html\" data-id=\"d7e99fc\" data-element_type=\"widget\" data-e-type=\"widget\" data-widget_type=\"html.default\">\n\t\t\t\t<div class=\"elementor-widget-container\">\n\t\t\t\t\t<section id=\"references-facade\">\n  \n\n  <article class=\"reference-item\">\n    <h3>\u00c9cole enfantine et accueil de jour, Schwarzenburg<\/h3>\n    <dl>\n      <dt>Travaux r\u00e9alis\u00e9s<\/dt><dd>Toiture en t\u00f4le \u00e0 joints debout<\/dd>\n      <dt>Montant du mandat<\/dt><dd>Fr. 117'000.-<\/dd>\n      <dt>Architecte<\/dt><dd>3B Architekten AG, 3000 Berne<\/dd>\n    <\/dl>\n  <\/article>\n\n  <article class=\"reference-item\">\n    <h3>Groupe E SA, poste de transformation Planchy<\/h3>\n    <dl>\n      <dt>Travaux r\u00e9alis\u00e9s<\/dt><dd>Toiture en t\u00f4le profil\u00e9e<\/dd>\n      <dt>Montant du mandat<\/dt><dd>Fr. 274'000.-<\/dd>\n      <dt>Architecte \/ Ma\u00eetre d\u2019ouvrage<\/dt><dd>Groupe E SA, M. Overney<\/dd>\n    <\/dl>\n  <\/article>\n\n  <article class=\"reference-item\">\n    <h3>Groupe E SA<\/h3>\n    <dl>\n      <dt>Montant du mandat<\/dt><dd>Fr. 124'000.-<\/dd>\n      <dt>Architecte<\/dt><dd>Villarepos<\/dd>\n    <\/dl>\n  <\/article>\n\n  <article class=\"reference-item\">\n    <h3>Steiglenaubr\u00fccke<\/h3>\n    <dl>\n      <dt>Montant du mandat<\/dt><dd>Fr. 15'000.-<\/dd>\n      <dt>Ma\u00eetre d\u2019ouvrage<\/dt><dd>Commune de Schwarzenburg<\/dd>\n    <\/dl>\n  <\/article>\n\n  <article class=\"reference-item\">\n    <h3>Bouxom, Arzier<\/h3>\n    <dl>\n      <dt>Montant du mandat<\/dt><dd>Fr. 188'400.-<\/dd>\n      <dt>Architecte<\/dt><dd>Mueller Concept<\/dd>\n    <\/dl>\n  <\/article>\n\n  <article class=\"reference-item\">\n    <h3>H\u00f4pital de Riggisberg<\/h3>\n    <dl>\n      <dt>Montant du mandat<\/dt><dd>Fr. 113'000.-<\/dd>\n      <dt>Architecte<\/dt><dd>Eggenberger Arch.<\/dd>\n    <\/dl>\n  <\/article>\n\n  <article class=\"reference-item\">\n    <h3>Immeubles d\u2019habitation, Voremberg, Schwarzenburg<\/h3>\n    <dl>\n      <dt>\u00c9tape 1<\/dt><dd>Fr. 200'000.-<\/dd>\n      <dt>\u00c9tape 2<\/dt><dd>Fr. 150'000.-<\/dd>\n      <dt>Ma\u00eetre d\u2019ouvrage<\/dt><dd>Gilgen Imm. AG, Schwarzenburg<\/dd>\n      <dt>Architecte<\/dt><dd>Aeschbacher + Partner GmbH, Schwarzenburg<\/dd>\n    <\/dl>\n  <\/article>\n\n  <article class=\"reference-item\">\n    <h3>4 maisons individuelles, Voremberg, Schwarzenburg<\/h3>\n    <dl>\n      <dt>\u00c9tape 1<\/dt><dd>Fr. 150'000.-<\/dd>\n      <dt>\u00c9tape 2<\/dt><dd>Fr. 110'000.-<\/dd>\n      <dt>Ma\u00eetre d\u2019ouvrage<\/dt><dd>Gilgen Imm. AG, Schwarzenburg<\/dd>\n      <dt>Architecte<\/dt><dd>Aeschbacher + Partner GmbH, Schwarzenburg<\/dd>\n    <\/dl>\n  <\/article>\n\n  <article class=\"reference-item\">\n    <h3>Poste de transformation, Cornaux NE<\/h3>\n    <dl>\n      <dt>Montant du mandat<\/dt><dd>Fr. 600'000.-<\/dd>\n      <dt>Ma\u00eetre d\u2019ouvrage<\/dt><dd>Groupe E, Fribourg<\/dd>\n      <dt>Architecte<\/dt><dd>Zumwald, chef de projet Groupe E<\/dd>\n    <\/dl>\n  <\/article>\n\n  <article class=\"reference-item\">\n    <h3>Vifian M\u00f6belwerkst\u00e4tte AG, Schwarzenburg<\/h3>\n    <dl>\n      <dt>Montant du mandat<\/dt><dd>Fr. 85'000.-<\/dd>\n      <dt>Ma\u00eetre d\u2019ouvrage<\/dt><dd>Vifian M\u00f6belwerkst\u00e4tte AG, Schwarzenburg<\/dd>\n      <dt>Architecte<\/dt><dd>Vifian E. + H. + Partner Arch. AG, Schwarzenburg<\/dd>\n    <\/dl>\n  <\/article>\n\n  <article class=\"reference-item\">\n    <h3>Cablecom, Belpstrasse 36, Berne<\/h3>\n    <dl>\n      <dt>Montant du mandat<\/dt><dd>Fr. 80'000.-<\/dd>\n      <dt>Ma\u00eetre d\u2019ouvrage<\/dt><dd>Cablecom GmbH, Zurich<\/dd>\n      <dt>Architecte<\/dt><dd>Messerli Arch. AG, Belp<\/dd>\n    <\/dl>\n  <\/article>\n\n  <article class=\"reference-item\">\n    <h3>ELSAvenir, Estavayer le Lac<\/h3>\n    <dl>\n      <dt>Montant du mandat<\/dt><dd>Fr. 85'000.-<\/dd>\n      <dt>Ma\u00eetre d\u2019ouvrage<\/dt><dd>MIGROS<\/dd>\n      <dt>Architecte<\/dt><dd>S+M Arch. SA, Le Lignon<\/dd>\n    <\/dl>\n  <\/article>\n\n  <article class=\"reference-item\">\n    <h3>Immeuble d\u2019habitation, Vereinsweg 23, Berne<\/h3>\n    <dl>\n      <dt>Montant du mandat<\/dt><dd>Fr. 436'000.-<\/dd>\n      <dt>Ma\u00eetre d\u2019ouvrage<\/dt><dd>BIWO AG c\/o Notariat Iseli, Berne<\/dd>\n      <dt>Architecte<\/dt><dd>Moritz Jenni, Berne<\/dd>\n    <\/dl>\n  <\/article>\n\n  <article class=\"reference-item\">\n    <h3>Villa B, Widmannstrasse 11, Muri<\/h3>\n    <dl>\n      <dt>Montant du mandat<\/dt><dd>Fr. 210'000.-<\/dd>\n      <dt>Ma\u00eetre d\u2019ouvrage<\/dt><dd>K. et B. Bratschi Weber<\/dd>\n      <dt>Architecte<\/dt><dd>SMC Management, Winterthur<\/dd>\n    <\/dl>\n  <\/article>\n\n  <article class=\"reference-item\">\n    <h3>La Tour de Tr\u00eame, b\u00e2timent salle de sport et th\u00e9\u00e2tre<\/h3>\n    <dl>\n      <dt>Montant du mandat<\/dt><dd>Fr. 1'200'000.-<\/dd>\n      <dt>Architecte<\/dt><dd>Atelier d\u2019architecture A3, Bulle, M. Grandjean<\/dd>\n    <\/dl>\n  <\/article>\n<\/section>\n\t\t\t\t<\/div>\n\t\t\t\t<\/div>\n\t\t\t\t\t<\/div>\n\t\t\t\t<\/div>\n\t\t\t\t<\/div>\n\t\t","protected":false},"excerpt":{"rendered":"<p>Nos r\u00e9f\u00e9rences Ferblanterie \u00c9cole enfantine et accueil de jour, Schwarzenburg Travaux r\u00e9alis\u00e9s Toiture en t\u00f4le \u00e0 joints debout Montant du mandat Fr. 117&rsquo;000.- Architecte 3B Architekten AG, 3000 Berne Groupe E SA, poste de transformation Planchy Travaux r\u00e9alis\u00e9s Toiture en t\u00f4le profil\u00e9e Montant du mandat Fr. 274&rsquo;000.- Architecte \/ Ma\u00eetre d\u2019ouvrage Groupe E SA, M. [&hellip;]<\/p>\n","protected":false},"author":2,"featured_media":0,"parent":2278,"menu_order":0,"comment_status":"closed","ping_status":"closed","template":"","meta":{"footnotes":""},"class_list":["post-2314","page","type-page","status-publish","hentry"],"_links":{"self":[{"href":"https:\/\/www.hofer-ag.ch\/fr\/wp-json\/wp\/v2\/pages\/2314","targetHints":{"allow":["GET"]}}],"collection":[{"href":"https:\/\/www.hofer-ag.ch\/fr\/wp-json\/wp\/v2\/pages"}],"about":[{"href":"https:\/\/www.hofer-ag.ch\/fr\/wp-json\/wp\/v2\/types\/page"}],"author":[{"embeddable":true,"href":"https:\/\/www.hofer-ag.ch\/fr\/wp-json\/wp\/v2\/users\/2"}],"replies":[{"embeddable":true,"href":"https:\/\/www.hofer-ag.ch\/fr\/wp-json\/wp\/v2\/comments?post=2314"}],"version-history":[{"count":6,"href":"https:\/\/www.hofer-ag.ch\/fr\/wp-json\/wp\/v2\/pages\/2314\/revisions"}],"predecessor-version":[{"id":2341,"href":"https:\/\/www.hofer-ag.ch\/fr\/wp-json\/wp\/v2\/pages\/2314\/revisions\/2341"}],"up":[{"embeddable":true,"href":"https:\/\/www.hofer-ag.ch\/fr\/wp-json\/wp\/v2\/pages\/2278"}],"wp:attachment":[{"href":"https:\/\/www.hofer-ag.ch\/fr\/wp-json\/wp\/v2\/media?parent=2314"}],"curies":[{"name":"wp","href":"https:\/\/api.w.org\/{rel}","templated":true}]}}