{"id":2318,"date":"2025-09-07T20:42:06","date_gmt":"2025-09-07T20:42:06","guid":{"rendered":"https:\/\/www.hofer-ag.ch\/?page_id=2318"},"modified":"2025-09-07T21:05:17","modified_gmt":"2025-09-07T21:05:17","slug":"conduites-techniques","status":"publish","type":"page","link":"https:\/\/www.hofer-ag.ch\/fr\/references\/conduites-techniques\/","title":{"rendered":"Conduites techniques"},"content":{"rendered":"\t\t<div data-elementor-type=\"wp-page\" data-elementor-id=\"2318\" class=\"elementor elementor-2318\" data-elementor-post-type=\"page\">\n\t\t\t\t<div class=\"elementor-element elementor-element-fd631a1 e-con-full e-flex e-con e-parent\" data-id=\"fd631a1\" data-element_type=\"container\" data-e-type=\"container\">\n\t\t<div class=\"elementor-element elementor-element-3732376 e-con-full e-flex e-con e-child\" data-id=\"3732376\" data-element_type=\"container\" data-e-type=\"container\" data-settings=\"{&quot;background_background&quot;:&quot;classic&quot;}\">\n\t\t\t\t<div class=\"elementor-element elementor-element-480a470 elementor-widget elementor-widget-heading\" data-id=\"480a470\" data-element_type=\"widget\" data-e-type=\"widget\" data-widget_type=\"heading.default\">\n\t\t\t\t<div class=\"elementor-widget-container\">\n\t\t\t\t\t<h2 class=\"elementor-heading-title elementor-size-default\">Nos r\u00e9f\u00e9rences<\/h2>\t\t\t\t<\/div>\n\t\t\t\t<\/div>\n\t\t\t\t<div class=\"elementor-element elementor-element-81a967f elementor-widget elementor-widget-heading\" data-id=\"81a967f\" data-element_type=\"widget\" data-e-type=\"widget\" data-widget_type=\"heading.default\">\n\t\t\t\t<div class=\"elementor-widget-container\">\n\t\t\t\t\t<h1 class=\"elementor-heading-title elementor-size-default\">Conduites techniques<\/h1>\t\t\t\t<\/div>\n\t\t\t\t<\/div>\n\t\t\t\t<\/div>\n\t\t<div class=\"elementor-element elementor-element-2ba93c1 e-con-full e-flex e-con e-child\" data-id=\"2ba93c1\" data-element_type=\"container\" data-e-type=\"container\" data-settings=\"{&quot;background_background&quot;:&quot;classic&quot;,&quot;background_motion_fx_motion_fx_scrolling&quot;:&quot;yes&quot;,&quot;background_motion_fx_devices&quot;:[&quot;desktop&quot;,&quot;tablet&quot;,&quot;mobile&quot;]}\">\n\t\t\t\t<\/div>\n\t\t\t\t<\/div>\n\t\t<div class=\"elementor-element elementor-element-8e1289e e-flex e-con-boxed e-con e-parent\" data-id=\"8e1289e\" data-element_type=\"container\" data-e-type=\"container\">\n\t\t\t\t\t<div class=\"e-con-inner\">\n\t\t\t\t<div class=\"elementor-element elementor-element-d7e99fc elementor-widget elementor-widget-html\" data-id=\"d7e99fc\" data-element_type=\"widget\" data-e-type=\"widget\" data-widget_type=\"html.default\">\n\t\t\t\t<div class=\"elementor-widget-container\">\n\t\t\t\t\t<section id=\"references-facade\">\n\n\n  <article class=\"reference-item\">\n    <h3>Remplacement de conduites, Alchenfuhren \/ Oberes Stengeli, Schwarzenburg<\/h3>\n    <dl>\n      <dt>Montant du mandat<\/dt><dd>Fr. 130'000.-<\/dd>\n      <dt>Ma\u00eetre d\u2019ouvrage<\/dt><dd>Commune de Schwarzenburg, M. Kr\u00e4ttli<\/dd>\n      <dt>Ing\u00e9nieur<\/dt><dd>WP Bauplaner AG, M. R. Waldspurger<\/dd>\n      <dt>Proc\u00e9d\u00e9<\/dt><dd>FZM Hagenbucher, tranch\u00e9e ouverte<\/dd>\n      <dt>Date<\/dt><dd>2023<\/dd>\n    <\/dl>\n  <\/article>\n\n  <article class=\"reference-item\">\n    <h3>Remplacement de conduites, Zelg West \/ Juraweg, Albligen<\/h3>\n    <dl>\n      <dt>Montant du mandat<\/dt><dd>Fr. 70'000.-<\/dd>\n      <dt>Ma\u00eetre d\u2019ouvrage<\/dt><dd>Commune de Schwarzenburg, M. Kr\u00e4ttli<\/dd>\n      <dt>Ing\u00e9nieur<\/dt><dd>Keller Ingenieure AG, Paul Keller, Schwarzenburg<\/dd>\n      <dt>Proc\u00e9d\u00e9<\/dt><dd>FZM Hagenbucher, tranch\u00e9e ouverte<\/dd>\n      <dt>Date<\/dt><dd>2022<\/dd>\n    <\/dl>\n  <\/article>\n\n  <article class=\"reference-item\">\n    <h3>Remplacement de conduites, Senderweg, Schwarzenburg<\/h3>\n    <dl>\n      <dt>Montant du mandat<\/dt><dd>Fr. 140'000.-<\/dd>\n      <dt>Ma\u00eetre d\u2019ouvrage<\/dt><dd>Commune de Schwarzenburg, M. Dieterle<\/dd>\n      <dt>Ing\u00e9nieur<\/dt><dd>Ing. Sch\u00f6nholzer AG, Thoune<\/dd>\n      <dt>Proc\u00e9d\u00e9<\/dt><dd>FZM Hagenbucher, berstlining avec 4 hydrants<\/dd>\n    <\/dl>\n  <\/article>\n\n  <article class=\"reference-item\">\n    <h3>Remplacement de conduites, Stengeli, Schwarzenburg<\/h3>\n    <dl>\n      <dt>Montant du mandat<\/dt><dd>Fr. 54'000.-<\/dd>\n      <dt>Ma\u00eetre d\u2019ouvrage<\/dt><dd>Ulrich Binggeli, Schwarzenburg<\/dd>\n      <dt>Ing\u00e9nieur<\/dt><dd>Keller Ingenieure AG, Paul Keller, Schwarzenburg<\/dd>\n      <dt>Proc\u00e9d\u00e9<\/dt><dd>FZM Hagenbucher, tranch\u00e9e ouverte<\/dd>\n      <dt>Date<\/dt><dd>2021<\/dd>\n    <\/dl>\n  <\/article>\n\n  <article class=\"reference-item\">\n    <h3>Remplacement de conduites, Steinere, Milken<\/h3>\n    <dl>\n      <dt>Montant du mandat<\/dt><dd>Fr. 56'000.-<\/dd>\n      <dt>Ma\u00eetre d\u2019ouvrage<\/dt><dd>Commune de Schwarzenburg<\/dd>\n      <dt>Ing\u00e9nieur<\/dt><dd>BAUmannING GmbH, Thoune<\/dd>\n      <dt>Proc\u00e9d\u00e9<\/dt><dd>FZM Hagenbucher, tranch\u00e9e ouverte<\/dd>\n      <dt>Date<\/dt><dd>2024<\/dd>\n    <\/dl>\n  <\/article>\n\n  <article class=\"reference-item\">\n    <h3>Steinhaushole, Schwarzenburg<\/h3>\n    <dl>\n      <dt>Montant du mandat<\/dt><dd>Fr. 48'000.-<\/dd>\n      <dt>Ma\u00eetre d\u2019ouvrage<\/dt><dd>Commune de Schwarzenburg, M. Kr\u00e4ttli<\/dd>\n      <dt>Proc\u00e9d\u00e9<\/dt><dd>FZM Hagenbucher, tranch\u00e9e ouverte<\/dd>\n      <dt>Date<\/dt><dd>2022<\/dd>\n    <\/dl>\n  <\/article>\n\n  <article class=\"reference-item\">\n    <h3>Assainissement Z\u00e4lgli \u2013 Chrummoos, Lanzenh\u00e4usern<\/h3>\n    <dl>\n      <dt>Montant du mandat<\/dt><dd>Fr. 100'000.-<\/dd>\n      <dt>Ma\u00eetre d\u2019ouvrage<\/dt><dd>Commune de Schwarzenburg<\/dd>\n      <dt>Ing\u00e9nieur<\/dt><dd>Ing. Sch\u00f6nholzer AG, Thoune<\/dd>\n      <dt>Proc\u00e9d\u00e9<\/dt><dd>FZM Hagenbucher, berstlining<\/dd>\n      <dt>Date<\/dt><dd>2017<\/dd>\n    <\/dl>\n  <\/article>\n\n  <article class=\"reference-item\">\n    <h3>Remplacement de conduites, Thang\u00e4ssli, Schwarzenburg<\/h3>\n    <dl>\n      <dt>Montant du mandat<\/dt><dd>Fr. 40'000.-<\/dd>\n      <dt>Ma\u00eetre d\u2019ouvrage<\/dt><dd>Commune de Schwarzenburg, M. Dieterle<\/dd>\n      <dt>Ing\u00e9nieur<\/dt><dd>Keller Ingenieure AG, Paul Keller, Schwarzenburg<\/dd>\n      <dt>Proc\u00e9d\u00e9<\/dt><dd>FZM Hagenbucher, tranch\u00e9e ouverte avec branchements<\/dd>\n      <dt>Date<\/dt><dd>2019<\/dd>\n    <\/dl>\n  <\/article>\n\n  <article class=\"reference-item\">\n    <h3>Remplacement de conduites, Schlossgasse, Schwarzenburg<\/h3>\n    <dl>\n      <dt>Montant du mandat<\/dt><dd>Fr. 40'000.-<\/dd>\n      <dt>Ma\u00eetre d\u2019ouvrage<\/dt><dd>Commune de Schwarzenburg, M. Dieterle<\/dd>\n      <dt>Ing\u00e9nieur<\/dt><dd>Keller Ingenieure AG, Paul Keller, Schwarzenburg<\/dd>\n      <dt>Proc\u00e9d\u00e9<\/dt><dd>FZM Hagenbucher, tranch\u00e9e ouverte avec hydrants et branchements<\/dd>\n      <dt>Date<\/dt><dd>2018<\/dd>\n    <\/dl>\n  <\/article>\n\n  <article class=\"reference-item\">\n    <h3>Postweg, Schwarzenburg<\/h3>\n    <dl>\n      <dt>Montant du mandat<\/dt><dd>Fr. 31'000.-<\/dd>\n      <dt>Ma\u00eetre d\u2019ouvrage<\/dt><dd>Commune de Schwarzenburg, M. Gerber<\/dd>\n      <dt>Ing\u00e9nieur<\/dt><dd>P. Keller, Schwarzenburg<\/dd>\n    <\/dl>\n  <\/article>\n\n  <article class=\"reference-item\">\n    <h3>\u00c9quipement de parcelles, Voremberg Ouest<\/h3>\n    <dl>\n      <dt>Montant du mandat<\/dt><dd>Fr. 30'000.-<\/dd>\n      <dt>Ma\u00eetre d\u2019ouvrage<\/dt><dd>Commune de Schwarzenburg, M. Gerber<\/dd>\n    <\/dl>\n  <\/article>\n\n  <article class=\"reference-item\">\n    <h3>\u00c9quipement, sur\u00e9l\u00e9vation Alte Bernstrasse, Lanzenh\u00e4usern<\/h3>\n    <dl>\n      <dt>Montant du mandat<\/dt><dd>Fr. 35'000.-<\/dd>\n      <dt>Ma\u00eetre d\u2019ouvrage<\/dt><dd>De Pourtal\u00e8s, Colombier<\/dd>\n    <\/dl>\n  <\/article>\n\n  <article class=\"reference-item\">\n    <h3>Boucle Freiburgstrasse \/ Stengeli<\/h3>\n    <dl>\n      <dt>Sp\u00e9cification<\/dt><dd>Fonte \u00e0 embo\u00eeture 125 mm<\/dd>\n      <dt>Montant du mandat<\/dt><dd>Fr. 60'000.-<\/dd>\n      <dt>Ma\u00eetre d\u2019ouvrage<\/dt><dd>Commune de Schwarzenburg, M. Gerber<\/dd>\n    <\/dl>\n  <\/article>\n\n  <article class=\"reference-item\">\n    <h3>SAIDEF, Fribourg<\/h3>\n    <dl>\n      <dt>Travaux r\u00e9alis\u00e9s<\/dt><dd>Raccordement de la nouvelle unit\u00e9 d\u2019incin\u00e9ration des boues<\/dd>\n      <dt>Particularit\u00e9s<\/dt><dd>Conditions d\u2019ex\u00e9cution difficiles, acc\u00e8s au site maintenu en journ\u00e9e<\/dd>\n      <dt>Mat\u00e9riau<\/dt><dd>Fonte DN 125<\/dd>\n      <dt>Montant du mandat<\/dt><dd>Fr. 60'000.-<\/dd>\n      <dt>Ma\u00eetre d\u2019ouvrage<\/dt><dd>SAPCO SA, Fribourg<\/dd>\n    <\/dl>\n  <\/article>\n\n  <article class=\"reference-item\">\n    <h3>Conduite de liaison, Police, Vaulruz<\/h3>\n    <dl>\n      <dt>Travaux r\u00e9alis\u00e9s<\/dt><dd>Sous-travers\u00e9e du raccord autoroutier<\/dd>\n      <dt>Mat\u00e9riau<\/dt><dd>Fonte DN 150<\/dd>\n      <dt>Montant du mandat<\/dt><dd>Fr. 80'000.-<\/dd>\n      <dt>Ma\u00eetre d\u2019ouvrage<\/dt><dd>Canton de Fribourg<\/dd>\n    <\/dl>\n  <\/article>\n\n  <article class=\"reference-item\">\n    <h3>\u00c9quipement de quartier, commune d\u2019Albligen<\/h3>\n    <dl>\n      <dt>Mat\u00e9riau<\/dt><dd>Fonte DN 150 et DN 125<\/dd>\n      <dt>Montant du mandat<\/dt><dd>Fr. 60'000.-<\/dd>\n      <dt>Ma\u00eetre d\u2019ouvrage<\/dt><dd>Commune d\u2019Albligen, Mme Reinhardt<\/dd>\n    <\/dl>\n  <\/article>\n\n  <article class=\"reference-item\">\n    <h3>Amenagement interne de site, d\u00e9viation d\u2019alimentation principale, passage inf\u00e9rieur CFF<\/h3>\n    <dl>\n      <dt>Mat\u00e9riau<\/dt><dd>Fonte DN 300<\/dd>\n      <dt>Montant du mandat<\/dt><dd>Fr. 200'000.-<\/dd>\n      <dt>Ma\u00eetre d\u2019ouvrage<\/dt><dd>Estavayer Lait SA, M. Baumgartner, Estavayer le Lac<\/dd>\n    <\/dl>\n  <\/article>\n\n  <article class=\"reference-item\">\n    <h3>\u00c9quipement, Zelg<\/h3>\n    <dl>\n      <dt>Montant du mandat<\/dt><dd>Fr. 25'000.-<\/dd>\n      <dt>Ma\u00eetre d\u2019ouvrage<\/dt><dd>Commune de Wahlern, M. Gerber<\/dd>\n    <\/dl>\n  <\/article>\n\n  <article class=\"reference-item\">\n    <h3>\u00c9quipement, Altenherren<\/h3>\n    <dl>\n      <dt>Montant du mandat<\/dt><dd>Fr. 25'000.-<\/dd>\n      <dt>Ma\u00eetre d\u2019ouvrage<\/dt><dd>Commune de Wahlern, M. Gerber<\/dd>\n    <\/dl>\n  <\/article>\n\n  <article class=\"reference-item\">\n    <h3>Alimentation en eau, Hofland<\/h3>\n    <dl>\n      <dt>Montant du mandat<\/dt><dd>Fr. 85'000.-<\/dd>\n      <dt>Ma\u00eetre d\u2019ouvrage<\/dt><dd>Commune de Wahlern, M. Gerber<\/dd>\n    <\/dl>\n  <\/article>\n<\/section>\n\t\t\t\t<\/div>\n\t\t\t\t<\/div>\n\t\t\t\t\t<\/div>\n\t\t\t\t<\/div>\n\t\t\t\t<\/div>\n\t\t","protected":false},"excerpt":{"rendered":"<p>Nos r\u00e9f\u00e9rences Conduites techniques Remplacement de conduites, Alchenfuhren \/ Oberes Stengeli, Schwarzenburg Montant du mandat Fr. 130&rsquo;000.- Ma\u00eetre d\u2019ouvrage Commune de Schwarzenburg, M. Kr\u00e4ttli Ing\u00e9nieur WP Bauplaner AG, M. R. Waldspurger Proc\u00e9d\u00e9 FZM Hagenbucher, tranch\u00e9e ouverte Date 2023 Remplacement de conduites, Zelg West \/ Juraweg, Albligen Montant du mandat Fr. 70&rsquo;000.- Ma\u00eetre d\u2019ouvrage Commune de [&hellip;]<\/p>\n","protected":false},"author":2,"featured_media":0,"parent":2278,"menu_order":0,"comment_status":"closed","ping_status":"closed","template":"","meta":{"footnotes":""},"class_list":["post-2318","page","type-page","status-publish","hentry"],"_links":{"self":[{"href":"https:\/\/www.hofer-ag.ch\/fr\/wp-json\/wp\/v2\/pages\/2318","targetHints":{"allow":["GET"]}}],"collection":[{"href":"https:\/\/www.hofer-ag.ch\/fr\/wp-json\/wp\/v2\/pages"}],"about":[{"href":"https:\/\/www.hofer-ag.ch\/fr\/wp-json\/wp\/v2\/types\/page"}],"author":[{"embeddable":true,"href":"https:\/\/www.hofer-ag.ch\/fr\/wp-json\/wp\/v2\/users\/2"}],"replies":[{"embeddable":true,"href":"https:\/\/www.hofer-ag.ch\/fr\/wp-json\/wp\/v2\/comments?post=2318"}],"version-history":[{"count":6,"href":"https:\/\/www.hofer-ag.ch\/fr\/wp-json\/wp\/v2\/pages\/2318\/revisions"}],"predecessor-version":[{"id":2338,"href":"https:\/\/www.hofer-ag.ch\/fr\/wp-json\/wp\/v2\/pages\/2318\/revisions\/2338"}],"up":[{"embeddable":true,"href":"https:\/\/www.hofer-ag.ch\/fr\/wp-json\/wp\/v2\/pages\/2278"}],"wp:attachment":[{"href":"https:\/\/www.hofer-ag.ch\/fr\/wp-json\/wp\/v2\/media?parent=2318"}],"curies":[{"name":"wp","href":"https:\/\/api.w.org\/{rel}","templated":true}]}}