{"id":2319,"date":"2025-09-07T20:41:51","date_gmt":"2025-09-07T20:41:51","guid":{"rendered":"https:\/\/www.hofer-ag.ch\/?page_id=2319"},"modified":"2025-09-07T21:04:59","modified_gmt":"2025-09-07T21:04:59","slug":"toiture-en-pente","status":"publish","type":"page","link":"https:\/\/www.hofer-ag.ch\/fr\/references\/toiture-en-pente\/","title":{"rendered":"Toiture en pente"},"content":{"rendered":"\t\t<div data-elementor-type=\"wp-page\" data-elementor-id=\"2319\" class=\"elementor elementor-2319\" data-elementor-post-type=\"page\">\n\t\t\t\t<div class=\"elementor-element elementor-element-fd631a1 e-con-full e-flex e-con e-parent\" data-id=\"fd631a1\" data-element_type=\"container\" data-e-type=\"container\">\n\t\t<div class=\"elementor-element elementor-element-3732376 e-con-full e-flex e-con e-child\" data-id=\"3732376\" data-element_type=\"container\" data-e-type=\"container\" data-settings=\"{&quot;background_background&quot;:&quot;classic&quot;}\">\n\t\t\t\t<div class=\"elementor-element elementor-element-480a470 elementor-widget elementor-widget-heading\" data-id=\"480a470\" data-element_type=\"widget\" data-e-type=\"widget\" data-widget_type=\"heading.default\">\n\t\t\t\t<div class=\"elementor-widget-container\">\n\t\t\t\t\t<h2 class=\"elementor-heading-title elementor-size-default\">Nos r\u00e9f\u00e9rences<\/h2>\t\t\t\t<\/div>\n\t\t\t\t<\/div>\n\t\t\t\t<div class=\"elementor-element elementor-element-81a967f elementor-widget elementor-widget-heading\" data-id=\"81a967f\" data-element_type=\"widget\" data-e-type=\"widget\" data-widget_type=\"heading.default\">\n\t\t\t\t<div class=\"elementor-widget-container\">\n\t\t\t\t\t<h1 class=\"elementor-heading-title elementor-size-default\">Toiture en pente\n<\/h1>\t\t\t\t<\/div>\n\t\t\t\t<\/div>\n\t\t\t\t<\/div>\n\t\t<div class=\"elementor-element elementor-element-2ba93c1 e-con-full e-flex e-con e-child\" data-id=\"2ba93c1\" data-element_type=\"container\" data-e-type=\"container\" data-settings=\"{&quot;background_background&quot;:&quot;classic&quot;,&quot;background_motion_fx_motion_fx_scrolling&quot;:&quot;yes&quot;,&quot;background_motion_fx_devices&quot;:[&quot;desktop&quot;,&quot;tablet&quot;,&quot;mobile&quot;]}\">\n\t\t\t\t<\/div>\n\t\t\t\t<\/div>\n\t\t<div class=\"elementor-element elementor-element-8e1289e e-flex e-con-boxed e-con e-parent\" data-id=\"8e1289e\" data-element_type=\"container\" data-e-type=\"container\">\n\t\t\t\t\t<div class=\"e-con-inner\">\n\t\t\t\t<div class=\"elementor-element elementor-element-d7e99fc elementor-widget elementor-widget-html\" data-id=\"d7e99fc\" data-element_type=\"widget\" data-e-type=\"widget\" data-widget_type=\"html.default\">\n\t\t\t\t<div class=\"elementor-widget-container\">\n\t\t\t\t\t<section id=\"references-facade\">\n \n\n  <article class=\"reference-item\">\n    <h3>H\u00f4pital de Riggisberg, 3132 Riggisberg<\/h3>\n    <dl>\n      <dt>Couverture<\/dt><dd>Eternit<\/dd>\n      <dt>Montant du mandat<\/dt><dd>Fr. 48'000.-<\/dd>\n      <dt>Architecte<\/dt><dd>Insel Gruppe, M. Zwahlen<\/dd>\n    <\/dl>\n  <\/article>\n\n  <article class=\"reference-item\">\n    <h3>Atelier communal, Fribourg<\/h3>\n    <dl>\n      <dt>Montant du mandat<\/dt><dd>Fr. 250'000.-<\/dd>\n      <dt>Ma\u00eetre d\u2019ouvrage<\/dt><dd>Ville de Fribourg<\/dd>\n      <dt>Architecte<\/dt><dd>S. Charri\u00e8re SA, Fribourg<\/dd>\n    <\/dl>\n  <\/article>\n\n  <article class=\"reference-item\">\n    <h3>Ch\u00e2teau de Laupen<\/h3>\n    <dl>\n      <dt>Montant du mandat<\/dt><dd>Fr. 200'000.-<\/dd>\n      <dt>Ma\u00eetre d\u2019ouvrage<\/dt><dd>Canton de Berne<\/dd>\n      <dt>Architecte<\/dt><dd>Tanner GmbH, Laupen<\/dd>\n    <\/dl>\n  <\/article>\n\n  <article class=\"reference-item\">\n    <h3>Immeuble d\u2019habitation, Arm\u00e9e du Salut, Schwarzenburg<\/h3>\n    <dl>\n      <dt>Montant du mandat<\/dt><dd>Fr. 60'000.-<\/dd>\n      <dt>Ma\u00eetre d\u2019ouvrage<\/dt><dd>Fondation Arm\u00e9e du Salut Suisse<\/dd>\n      <dt>Architecte<\/dt><dd>m+b Arch., Berne<\/dd>\n    <\/dl>\n  <\/article>\n\n  <article class=\"reference-item\">\n    <h3>Grange-mazot, famille Wildmoser, Surpierre<\/h3>\n    <dl>\n      <dt>Couverture<\/dt><dd>Bardeaux<\/dd>\n      <dt>Montant du mandat<\/dt><dd>Fr. 25'000.-<\/dd>\n      <dt>Architecte \/ Ma\u00eetre d\u2019ouvrage<\/dt><dd>Famille Wildmoser, Surpierre<\/dd>\n    <\/dl>\n  <\/article>\n\n  <article class=\"reference-item\">\n    <h3>Cablecom, Belpstrasse 36, 3007 Berne<\/h3>\n    <dl>\n      <dt>Montant du mandat<\/dt><dd>Fr. 80'000.-<\/dd>\n      <dt>Ma\u00eetre d\u2019ouvrage<\/dt><dd>Cablecom GmbH, Zurich<\/dd>\n      <dt>Architecte<\/dt><dd>Messerli Arch. AG, Belp<\/dd>\n    <\/dl>\n  <\/article>\n\n  <article class=\"reference-item\">\n    <h3>Centre scolaire de Villars-Vert, 1752 Villars-sur-Gl\u00e2ne<\/h3>\n    <dl>\n      <dt>Montant du mandat<\/dt><dd>Fr. 705'000.-<\/dd>\n      <dt>Ma\u00eetre d\u2019ouvrage<\/dt><dd>Commune de Villars-sur-Gl\u00e2ne<\/dd>\n      <dt>Architecte<\/dt><dd>P. Chapatte Arch., Fribourg<\/dd>\n    <\/dl>\n  <\/article>\n\n  <article class=\"reference-item\">\n    <h3>B\u00e2timent scolaire et salle de sport Hirschhorn<\/h3>\n    <dl>\n      <dt>Montant du mandat<\/dt><dd>Fr. 106'000.-<\/dd>\n      <dt>Ma\u00eetre d\u2019ouvrage<\/dt><dd>Commune de Hirschhorn, R\u00fcschegg<\/dd>\n      <dt>Architecte<\/dt><dd>Vifian + Partner, Schwarzenburg<\/dd>\n    <\/dl>\n  <\/article>\n\n  <article class=\"reference-item\">\n    <h3>Villa, Bourguillon, Fribourg<\/h3>\n    <dl>\n      <dt>Couverture<\/dt><dd>Eternit<\/dd>\n      <dt>Montant du mandat<\/dt><dd>Fr. 60'000.-<\/dd>\n      <dt>Ma\u00eetre d\u2019ouvrage<\/dt><dd>Andrey Nazheskin et Olga Moukhina<\/dd>\n      <dt>Architecte<\/dt><dd>Andrey Nazheskin et Olga Moukhina<\/dd>\n    <\/dl>\n  <\/article>\n\n  <article class=\"reference-item\">\n    <h3>Maison individuelle Zwahlen, Voremberg<\/h3>\n    <dl>\n      <dt>Couverture<\/dt><dd>Toiture en tuiles<\/dd>\n      <dt>Montant du mandat<\/dt><dd>Fr. 30'000.-<\/dd>\n      <dt>Ma\u00eetre d\u2019ouvrage<\/dt><dd>Thomas Zwahlen, Ueberstorf<\/dd>\n      <dt>Architecte<\/dt><dd>Thomas Zwahlen, Ueberstorf<\/dd>\n    <\/dl>\n  <\/article>\n\n  <article class=\"reference-item\">\n    <h3>B\u00e2timent fun\u00e9raire, R\u00fcschegg<\/h3>\n    <dl>\n      <dt>Couverture<\/dt><dd>Eternit<\/dd>\n      <dt>Montant du mandat<\/dt><dd>Fr. 22'000.-<\/dd>\n      <dt>Ma\u00eetre d\u2019ouvrage<\/dt><dd>Commune de Hirschhorn, R\u00fcschegg<\/dd>\n      <dt>Architecte<\/dt><dd>Vifian + Partner, Schwarzenburg<\/dd>\n    <\/dl>\n  <\/article>\n\n  <article class=\"reference-item\">\n    <h3>Maison individuelle, Voremberg 36, 3150 Schwarzenburg<\/h3>\n    <dl>\n      <dt>Montant du mandat<\/dt><dd>Fr. 33'000.-<\/dd>\n      <dt>Ma\u00eetres d\u2019ouvrage<\/dt><dd>M. Hamberger et Th. Neuenschwander, Schwarzenburg<\/dd>\n      <dt>Architecte<\/dt><dd>M. Hamberger, Schwarzenburg<\/dd>\n    <\/dl>\n  <\/article>\n\n  <article class=\"reference-item\">\n    <h3>Maison individuelle Heine, Kirchg\u00e4ssli 24, 3652 Hilterfingen<\/h3>\n    <dl>\n      <dt>Particularit\u00e9s<\/dt><dd>Planification int\u00e9grale et solaire<\/dd>\n      <dt>Montant du mandat<\/dt><dd>Fr. 130'000.-<\/dd>\n      <dt>Ma\u00eetre d\u2019ouvrage<\/dt><dd>Famille Heine, 3652 Hilterfingen<\/dd>\n      <dt>Architecte<\/dt><dd>Eggenberg + L\u00fcthi, 3114 Wichtrach<\/dd>\n    <\/dl>\n  <\/article>\n<\/section>\n\t\t\t\t<\/div>\n\t\t\t\t<\/div>\n\t\t\t\t\t<\/div>\n\t\t\t\t<\/div>\n\t\t\t\t<\/div>\n\t\t","protected":false},"excerpt":{"rendered":"<p>Nos r\u00e9f\u00e9rences Toiture en pente H\u00f4pital de Riggisberg, 3132 Riggisberg Couverture Eternit Montant du mandat Fr. 48&rsquo;000.- Architecte Insel Gruppe, M. Zwahlen Atelier communal, Fribourg Montant du mandat Fr. 250&rsquo;000.- Ma\u00eetre d\u2019ouvrage Ville de Fribourg Architecte S. Charri\u00e8re SA, Fribourg Ch\u00e2teau de Laupen Montant du mandat Fr. 200&rsquo;000.- Ma\u00eetre d\u2019ouvrage Canton de Berne Architecte Tanner [&hellip;]<\/p>\n","protected":false},"author":2,"featured_media":0,"parent":2278,"menu_order":0,"comment_status":"closed","ping_status":"closed","template":"","meta":{"footnotes":""},"class_list":["post-2319","page","type-page","status-publish","hentry"],"_links":{"self":[{"href":"https:\/\/www.hofer-ag.ch\/fr\/wp-json\/wp\/v2\/pages\/2319","targetHints":{"allow":["GET"]}}],"collection":[{"href":"https:\/\/www.hofer-ag.ch\/fr\/wp-json\/wp\/v2\/pages"}],"about":[{"href":"https:\/\/www.hofer-ag.ch\/fr\/wp-json\/wp\/v2\/types\/page"}],"author":[{"embeddable":true,"href":"https:\/\/www.hofer-ag.ch\/fr\/wp-json\/wp\/v2\/users\/2"}],"replies":[{"embeddable":true,"href":"https:\/\/www.hofer-ag.ch\/fr\/wp-json\/wp\/v2\/comments?post=2319"}],"version-history":[{"count":6,"href":"https:\/\/www.hofer-ag.ch\/fr\/wp-json\/wp\/v2\/pages\/2319\/revisions"}],"predecessor-version":[{"id":2335,"href":"https:\/\/www.hofer-ag.ch\/fr\/wp-json\/wp\/v2\/pages\/2319\/revisions\/2335"}],"up":[{"embeddable":true,"href":"https:\/\/www.hofer-ag.ch\/fr\/wp-json\/wp\/v2\/pages\/2278"}],"wp:attachment":[{"href":"https:\/\/www.hofer-ag.ch\/fr\/wp-json\/wp\/v2\/media?parent=2319"}],"curies":[{"name":"wp","href":"https:\/\/api.w.org\/{rel}","templated":true}]}}