{"id":2326,"date":"2025-09-07T20:55:06","date_gmt":"2025-09-07T20:55:06","guid":{"rendered":"https:\/\/www.hofer-ag.ch\/?page_id=2326"},"modified":"2025-09-07T21:04:12","modified_gmt":"2025-09-07T21:04:12","slug":"systemes-de-ventilation","status":"publish","type":"page","link":"https:\/\/www.hofer-ag.ch\/fr\/references\/systemes-de-ventilation\/","title":{"rendered":"Syst\u00e8mes de ventilation"},"content":{"rendered":"\t\t<div data-elementor-type=\"wp-page\" data-elementor-id=\"2326\" class=\"elementor elementor-2326\" data-elementor-post-type=\"page\">\n\t\t\t\t<div class=\"elementor-element elementor-element-fd631a1 e-con-full e-flex e-con e-parent\" data-id=\"fd631a1\" data-element_type=\"container\" data-e-type=\"container\">\n\t\t<div class=\"elementor-element elementor-element-3732376 e-con-full e-flex e-con e-child\" data-id=\"3732376\" data-element_type=\"container\" data-e-type=\"container\" data-settings=\"{&quot;background_background&quot;:&quot;classic&quot;}\">\n\t\t\t\t<div class=\"elementor-element elementor-element-480a470 elementor-widget elementor-widget-heading\" data-id=\"480a470\" data-element_type=\"widget\" data-e-type=\"widget\" data-widget_type=\"heading.default\">\n\t\t\t\t<div class=\"elementor-widget-container\">\n\t\t\t\t\t<h2 class=\"elementor-heading-title elementor-size-default\">Nos r\u00e9f\u00e9rences<\/h2>\t\t\t\t<\/div>\n\t\t\t\t<\/div>\n\t\t\t\t<div class=\"elementor-element elementor-element-81a967f elementor-widget elementor-widget-heading\" data-id=\"81a967f\" data-element_type=\"widget\" data-e-type=\"widget\" data-widget_type=\"heading.default\">\n\t\t\t\t<div class=\"elementor-widget-container\">\n\t\t\t\t\t<h1 class=\"elementor-heading-title elementor-size-default\">Syst\u00e8mes de ventilation<\/h1>\t\t\t\t<\/div>\n\t\t\t\t<\/div>\n\t\t\t\t<\/div>\n\t\t<div class=\"elementor-element elementor-element-2ba93c1 e-con-full e-flex e-con e-child\" data-id=\"2ba93c1\" data-element_type=\"container\" data-e-type=\"container\" data-settings=\"{&quot;background_background&quot;:&quot;classic&quot;,&quot;background_motion_fx_motion_fx_scrolling&quot;:&quot;yes&quot;,&quot;background_motion_fx_devices&quot;:[&quot;desktop&quot;,&quot;tablet&quot;,&quot;mobile&quot;]}\">\n\t\t\t\t<\/div>\n\t\t\t\t<\/div>\n\t\t<div class=\"elementor-element elementor-element-8e1289e e-flex e-con-boxed e-con e-parent\" data-id=\"8e1289e\" data-element_type=\"container\" data-e-type=\"container\">\n\t\t\t\t\t<div class=\"e-con-inner\">\n\t\t\t\t<div class=\"elementor-element elementor-element-d7e99fc elementor-widget elementor-widget-html\" data-id=\"d7e99fc\" data-element_type=\"widget\" data-e-type=\"widget\" data-widget_type=\"html.default\">\n\t\t\t\t<div class=\"elementor-widget-container\">\n\t\t\t\t\t<section id=\"references-facade\">\n  \n\n  <article class=\"reference-item\">\n    <h3>LANDI Schwarzwasser<\/h3>\n    <dl>\n      <dt>Syst\u00e8me<\/dt><dd>Ventilation m\u00e9canique des locaux phytosanitaires et sanitaires<\/dd>\n      <dt>Prestations<\/dt><dd>Coordination et ex\u00e9cution<\/dd>\n      <dt>Montant du mandat<\/dt><dd>Fr. 20'000.-<\/dd>\n      <dt>Ma\u00eetre d\u2019ouvrage<\/dt><dd>LANDI Schwarzwasser<\/dd>\n    <\/dl>\n  <\/article>\n\n  <article class=\"reference-item\">\n    <h3>\u00c9cole enfantine et accueil de jour, Schwarzenburg<\/h3>\n    <dl>\n      <dt>Syst\u00e8me<\/dt><dd>Ventilation m\u00e9canique avec monobloc<\/dd>\n      <dt>Prestations<\/dt><dd>Planification, coordination et ex\u00e9cution<\/dd>\n      <dt>Montant du mandat<\/dt><dd>Fr. 71'000.-<\/dd>\n      <dt>Ma\u00eetre d\u2019ouvrage<\/dt><dd>Commune de Schwarzenburg, M. Amstutz<\/dd>\n      <dt>Architecte<\/dt><dd>3B Architekten AG, 3000 Berne<\/dd>\n    <\/dl>\n  <\/article>\n\n  <article class=\"reference-item\">\n    <h3>Halle polyvalente P\u00f6schen, Schwarzenburg<\/h3>\n    <dl>\n      <dt>Syst\u00e8me<\/dt><dd>A\u00e9rothermes avec diffuseurs \u00e0 effet de rotation<\/dd>\n      <dt>Prestations<\/dt><dd>Planification, coordination et ex\u00e9cution<\/dd>\n      <dt>Montant du mandat<\/dt><dd>Fr. 120'000.-<\/dd>\n      <dt>Ma\u00eetre d\u2019ouvrage<\/dt><dd>Commune de Schwarzenburg, M. Amstutz<\/dd>\n    <\/dl>\n  <\/article>\n\n  <article class=\"reference-item\">\n    <h3>Immeuble d\u2019habitation Holzer, Schwarzenburg<\/h3>\n    <dl>\n      <dt>Syst\u00e8me<\/dt><dd>Ventilation contr\u00f4l\u00e9e des logements<\/dd>\n      <dt>Montant du mandat<\/dt><dd>Fr. 25'000.-<\/dd>\n      <dt>Ma\u00eetre d\u2019ouvrage<\/dt><dd>Ren\u00e9 et Claudia Holzer, Schwarzenburg<\/dd>\n    <\/dl>\n  <\/article>\n\n  <article class=\"reference-item\">\n    <h3>Ensemble Henri Pestalozzi, Fribourg<\/h3>\n    <dl>\n      <dt>Syst\u00e8me<\/dt><dd>Ventilation de parking souterrain<\/dd>\n      <dt>Montant du mandat<\/dt><dd>Fr. 120'000.-<\/dd>\n      <dt>Ma\u00eetre d\u2019ouvrage<\/dt><dd>Soci\u00e9t\u00e9 simple Henri Pestalozzi<\/dd>\n      <dt>Architecte<\/dt><dd>Schaller Architekten, Fribourg<\/dd>\n    <\/dl>\n  <\/article>\n<\/section>\n\t\t\t\t<\/div>\n\t\t\t\t<\/div>\n\t\t\t\t\t<\/div>\n\t\t\t\t<\/div>\n\t\t\t\t<\/div>\n\t\t","protected":false},"excerpt":{"rendered":"<p>Nos r\u00e9f\u00e9rences Syst\u00e8mes de ventilation LANDI Schwarzwasser Syst\u00e8me Ventilation m\u00e9canique des locaux phytosanitaires et sanitaires Prestations Coordination et ex\u00e9cution Montant du mandat Fr. 20&rsquo;000.- Ma\u00eetre d\u2019ouvrage LANDI Schwarzwasser \u00c9cole enfantine et accueil de jour, Schwarzenburg Syst\u00e8me Ventilation m\u00e9canique avec monobloc Prestations Planification, coordination et ex\u00e9cution Montant du mandat Fr. 71&rsquo;000.- Ma\u00eetre d\u2019ouvrage Commune de Schwarzenburg, [&hellip;]<\/p>\n","protected":false},"author":2,"featured_media":0,"parent":2278,"menu_order":0,"comment_status":"closed","ping_status":"closed","template":"","meta":{"footnotes":""},"class_list":["post-2326","page","type-page","status-publish","hentry"],"_links":{"self":[{"href":"https:\/\/www.hofer-ag.ch\/fr\/wp-json\/wp\/v2\/pages\/2326","targetHints":{"allow":["GET"]}}],"collection":[{"href":"https:\/\/www.hofer-ag.ch\/fr\/wp-json\/wp\/v2\/pages"}],"about":[{"href":"https:\/\/www.hofer-ag.ch\/fr\/wp-json\/wp\/v2\/types\/page"}],"author":[{"embeddable":true,"href":"https:\/\/www.hofer-ag.ch\/fr\/wp-json\/wp\/v2\/users\/2"}],"replies":[{"embeddable":true,"href":"https:\/\/www.hofer-ag.ch\/fr\/wp-json\/wp\/v2\/comments?post=2326"}],"version-history":[{"count":6,"href":"https:\/\/www.hofer-ag.ch\/fr\/wp-json\/wp\/v2\/pages\/2326\/revisions"}],"predecessor-version":[{"id":2332,"href":"https:\/\/www.hofer-ag.ch\/fr\/wp-json\/wp\/v2\/pages\/2326\/revisions\/2332"}],"up":[{"embeddable":true,"href":"https:\/\/www.hofer-ag.ch\/fr\/wp-json\/wp\/v2\/pages\/2278"}],"wp:attachment":[{"href":"https:\/\/www.hofer-ag.ch\/fr\/wp-json\/wp\/v2\/media?parent=2326"}],"curies":[{"name":"wp","href":"https:\/\/api.w.org\/{rel}","templated":true}]}}