{"id":459,"date":"2024-12-16T10:57:42","date_gmt":"2024-12-16T10:57:42","guid":{"rendered":"http:\/\/www.hofer-ag.ch\/?page_id=459"},"modified":"2025-06-04T09:33:09","modified_gmt":"2025-06-04T09:33:09","slug":"qui-sommes-nous","status":"publish","type":"page","link":"https:\/\/www.hofer-ag.ch\/fr\/qui-sommes-nous\/","title":{"rendered":"Qui sommes-nous"},"content":{"rendered":"\t\t<div data-elementor-type=\"wp-page\" data-elementor-id=\"459\" class=\"elementor elementor-459\" data-elementor-post-type=\"page\">\n\t\t\t\t<div class=\"elementor-element elementor-element-e8f8b09 e-con-full e-flex e-con e-parent\" data-id=\"e8f8b09\" data-element_type=\"container\" data-e-type=\"container\">\n\t\t<div class=\"elementor-element elementor-element-6f995f5 e-con-full e-flex e-con e-child\" data-id=\"6f995f5\" data-element_type=\"container\" data-e-type=\"container\" data-settings=\"{&quot;background_background&quot;:&quot;classic&quot;}\">\n\t\t\t\t<div class=\"elementor-element elementor-element-93b1bf6 elementor-widget elementor-widget-heading\" data-id=\"93b1bf6\" data-element_type=\"widget\" data-e-type=\"widget\" data-widget_type=\"heading.default\">\n\t\t\t\t<div class=\"elementor-widget-container\">\n\t\t\t\t\t<h4 class=\"elementor-heading-title elementor-size-default\">Une expertise technique transmise depuis plus de 70 ans\n<\/h4>\t\t\t\t<\/div>\n\t\t\t\t<\/div>\n\t\t\t\t<div class=\"elementor-element elementor-element-143ccf5 elementor-widget elementor-widget-heading\" data-id=\"143ccf5\" data-element_type=\"widget\" data-e-type=\"widget\" data-widget_type=\"heading.default\">\n\t\t\t\t<div class=\"elementor-widget-container\">\n\t\t\t\t\t<h1 class=\"elementor-heading-title elementor-size-default\">Qui sommes-nous<\/h1>\t\t\t\t<\/div>\n\t\t\t\t<\/div>\n\t\t\t\t<div class=\"elementor-element elementor-element-44127f0 elementor-widget elementor-widget-text-editor\" data-id=\"44127f0\" data-element_type=\"widget\" data-e-type=\"widget\" data-widget_type=\"text-editor.default\">\n\t\t\t\t<div class=\"elementor-widget-container\">\n\t\t\t\t\t\t\t\t\t<p data-start=\"307\" data-end=\"538\">Nous sommes une entreprise qualifi\u00e9e et hautement sp\u00e9cialis\u00e9e dans l\u2019enveloppe du b\u00e2timent et les techniques du b\u00e2timent. Notre zone d\u2019intervention couvre principalement les cantons de Berne et de Fribourg.<br data-start=\"206\" data-end=\"209\" \/>Chaque jour, nos sp\u00e9cialistes travaillent avec enthousiasme et engagement pour vous proposer des solutions fiables et durables, et r\u00e9aliser vos projets de mani\u00e8re professionnelle et dans les d\u00e9lais.<\/p>\t\t\t\t\t\t\t\t<\/div>\n\t\t\t\t<\/div>\n\t\t\t\t<div class=\"elementor-element elementor-element-7eae9e5 elementor-widget elementor-widget-button\" data-id=\"7eae9e5\" data-element_type=\"widget\" data-e-type=\"widget\" data-widget_type=\"button.default\">\n\t\t\t\t<div class=\"elementor-widget-container\">\n\t\t\t\t\t\t\t\t\t<div class=\"elementor-button-wrapper\">\n\t\t\t\t\t<a class=\"elementor-button elementor-button-link elementor-size-sm elementor-animation-skew\" href=\"https:\/\/www.hofer-ag.ch\/fr\/contact\/\">\n\t\t\t\t\t\t<span class=\"elementor-button-content-wrapper\">\n\t\t\t\t\t\t<span class=\"elementor-button-icon\">\n\t\t\t\t<svg aria-hidden=\"true\" class=\"e-font-icon-svg e-fas-long-arrow-alt-right\" viewBox=\"0 0 448 512\" xmlns=\"http:\/\/www.w3.org\/2000\/svg\"><path d=\"M313.941 216H12c-6.627 0-12 5.373-12 12v56c0 6.627 5.373 12 12 12h301.941v46.059c0 21.382 25.851 32.09 40.971 16.971l86.059-86.059c9.373-9.373 9.373-24.569 0-33.941l-86.059-86.059c-15.119-15.119-40.971-4.411-40.971 16.971V216z\"><\/path><\/svg>\t\t\t<\/span>\n\t\t\t\t\t\t\t\t\t<span class=\"elementor-button-text\">Contactez-nous<\/span>\n\t\t\t\t\t<\/span>\n\t\t\t\t\t<\/a>\n\t\t\t\t<\/div>\n\t\t\t\t\t\t\t\t<\/div>\n\t\t\t\t<\/div>\n\t\t\t\t<\/div>\n\t\t<div class=\"elementor-element elementor-element-3741ce1 e-con-full e-flex e-con e-child\" data-id=\"3741ce1\" data-element_type=\"container\" data-e-type=\"container\" data-settings=\"{&quot;background_background&quot;:&quot;classic&quot;,&quot;background_motion_fx_motion_fx_scrolling&quot;:&quot;yes&quot;,&quot;background_motion_fx_devices&quot;:[&quot;desktop&quot;,&quot;tablet&quot;,&quot;mobile&quot;]}\">\n\t\t\t\t<\/div>\n\t\t\t\t<\/div>\n\t\t<div class=\"elementor-element elementor-element-f9af389 e-con-full e-flex e-con e-parent\" data-id=\"f9af389\" data-element_type=\"container\" data-e-type=\"container\">\n\t\t<div class=\"elementor-element elementor-element-2725fa7 e-con-full e-flex e-con e-child\" data-id=\"2725fa7\" data-element_type=\"container\" data-e-type=\"container\" data-settings=\"{&quot;background_background&quot;:&quot;classic&quot;,&quot;background_motion_fx_motion_fx_scrolling&quot;:&quot;yes&quot;,&quot;background_motion_fx_devices&quot;:[&quot;desktop&quot;,&quot;tablet&quot;,&quot;mobile&quot;]}\">\n\t\t\t\t<\/div>\n\t\t<div class=\"elementor-element elementor-element-e26b679 e-con-full e-flex e-con e-child\" data-id=\"e26b679\" data-element_type=\"container\" data-e-type=\"container\" data-settings=\"{&quot;background_background&quot;:&quot;classic&quot;}\">\n\t\t\t\t<div class=\"elementor-element elementor-element-54681d4 elementor-widget elementor-widget-text-editor\" data-id=\"54681d4\" data-element_type=\"widget\" data-e-type=\"widget\" data-widget_type=\"text-editor.default\">\n\t\t\t\t<div class=\"elementor-widget-container\">\n\t\t\t\t\t\t\t\t\t<p>Avec plus de 70 ans d\u2019exp\u00e9rience et une \u00e9volution constante, nous mettons \u00e0 votre service un savoir-faire \u00e0 la pointe de la modernit\u00e9. De la planification \u00e0 la r\u00e9alisation, jusqu\u2019\u00e0 l\u2019entretien des installations techniques, nous vous accompagnons avec plaisir. Lancez-nous un d\u00e9fi : nous trouvons la solution optimale \u00e0 presque toutes les situations.<\/p>\t\t\t\t\t\t\t\t<\/div>\n\t\t\t\t<\/div>\n\t\t\t\t<div class=\"elementor-element elementor-element-4fdf0d4 elementor-widget elementor-widget-button\" data-id=\"4fdf0d4\" data-element_type=\"widget\" data-e-type=\"widget\" data-widget_type=\"button.default\">\n\t\t\t\t<div class=\"elementor-widget-container\">\n\t\t\t\t\t\t\t\t\t<div class=\"elementor-button-wrapper\">\n\t\t\t\t\t<a class=\"elementor-button elementor-button-link elementor-size-sm elementor-animation-skew\" href=\"https:\/\/www.hofer-ag.ch\/fr\/personnes-de-contact\/\">\n\t\t\t\t\t\t<span class=\"elementor-button-content-wrapper\">\n\t\t\t\t\t\t<span class=\"elementor-button-icon\">\n\t\t\t\t<svg aria-hidden=\"true\" class=\"e-font-icon-svg e-fas-long-arrow-alt-right\" viewBox=\"0 0 448 512\" xmlns=\"http:\/\/www.w3.org\/2000\/svg\"><path d=\"M313.941 216H12c-6.627 0-12 5.373-12 12v56c0 6.627 5.373 12 12 12h301.941v46.059c0 21.382 25.851 32.09 40.971 16.971l86.059-86.059c9.373-9.373 9.373-24.569 0-33.941l-86.059-86.059c-15.119-15.119-40.971-4.411-40.971 16.971V216z\"><\/path><\/svg>\t\t\t<\/span>\n\t\t\t\t\t\t\t\t\t<span class=\"elementor-button-text\">Personnes de contact<\/span>\n\t\t\t\t\t<\/span>\n\t\t\t\t\t<\/a>\n\t\t\t\t<\/div>\n\t\t\t\t\t\t\t\t<\/div>\n\t\t\t\t<\/div>\n\t\t\t\t<\/div>\n\t\t\t\t<\/div>\n\t\t<div class=\"elementor-element elementor-element-94b8079 e-con-full e-flex e-con e-parent\" data-id=\"94b8079\" data-element_type=\"container\" data-e-type=\"container\">\n\t\t<div class=\"elementor-element elementor-element-4bb830e e-con-full e-flex e-con e-child\" data-id=\"4bb830e\" data-element_type=\"container\" data-e-type=\"container\" data-settings=\"{&quot;background_background&quot;:&quot;classic&quot;}\">\n\t\t\t\t<div class=\"elementor-element elementor-element-1bd1d0d elementor-widget elementor-widget-text-editor\" data-id=\"1bd1d0d\" data-element_type=\"widget\" data-e-type=\"widget\" data-widget_type=\"text-editor.default\">\n\t\t\t\t<div class=\"elementor-widget-container\">\n\t\t\t\t\t\t\t\t\t<p data-start=\"141\" data-end=\"539\">En 2021, Dominique et Pascal Hofer ont repris l\u2019entreprise familiale de Beat Hofer, repr\u00e9sentant ainsi la 4e g\u00e9n\u00e9ration. Depuis, ils n\u2019ont cess\u00e9 de la faire \u00e9voluer, en mettant davantage l\u2019accent sur les \u00e9nergies renouvelables et les technologies les plus modernes.<br data-start=\"265\" data-end=\"268\" \/>Tout cela sans jamais perdre de vue nos valeurs fondamentales. Nous continuons \u00e0 vous garantir une qualit\u00e9 irr\u00e9prochable, un service client exemplaire et le respect des d\u00e9lais.<\/p>\t\t\t\t\t\t\t\t<\/div>\n\t\t\t\t<\/div>\n\t\t\t\t<\/div>\n\t\t<div class=\"elementor-element elementor-element-26afd2a e-con-full e-flex e-con e-child\" data-id=\"26afd2a\" data-element_type=\"container\" data-e-type=\"container\" data-settings=\"{&quot;background_background&quot;:&quot;classic&quot;,&quot;background_motion_fx_motion_fx_scrolling&quot;:&quot;yes&quot;,&quot;background_motion_fx_devices&quot;:[&quot;desktop&quot;,&quot;tablet&quot;,&quot;mobile&quot;]}\">\n\t\t\t\t<\/div>\n\t\t\t\t<\/div>\n\t\t<div class=\"elementor-element elementor-element-14ddef7 e-flex e-con-boxed e-con e-parent\" data-id=\"14ddef7\" data-element_type=\"container\" data-e-type=\"container\" data-settings=\"{&quot;background_background&quot;:&quot;classic&quot;}\">\n\t\t\t\t\t<div class=\"e-con-inner\">\n\t\t<div class=\"elementor-element elementor-element-eeec48c e-grid e-con-boxed e-con e-child\" data-id=\"eeec48c\" data-element_type=\"container\" data-e-type=\"container\">\n\t\t\t\t\t<div class=\"e-con-inner\">\n\t\t<div class=\"elementor-element elementor-element-6c0c118 e-con-full animated-fast e-flex elementor-invisible e-con e-child\" data-id=\"6c0c118\" data-element_type=\"container\" data-e-type=\"container\" data-settings=\"{&quot;animation&quot;:&quot;fadeIn&quot;,&quot;animation_delay&quot;:1000}\">\n\t\t\t\t<div class=\"elementor-element elementor-element-0d26f31 elementor-view-default elementor-position-block-start elementor-mobile-position-block-start elementor-widget elementor-widget-icon-box\" data-id=\"0d26f31\" data-element_type=\"widget\" data-e-type=\"widget\" data-widget_type=\"icon-box.default\">\n\t\t\t\t<div class=\"elementor-widget-container\">\n\t\t\t\t\t\t\t<div class=\"elementor-icon-box-wrapper\">\n\n\t\t\t\t\t\t<div class=\"elementor-icon-box-icon\">\n\t\t\t\t<span  class=\"elementor-icon\">\n\t\t\t\t<svg xmlns=\"http:\/\/www.w3.org\/2000\/svg\" id=\"Calque_1\" viewBox=\"0 0 20 20\"><defs><style>      .st0 {        fill: none;        stroke: #3d5897;        stroke-linecap: round;        stroke-linejoin: round;        stroke-width: 2px;      }    <\/style><\/defs><path class=\"st0\" d=\"M11,18.3c-4.6.6-8.7-2.7-9.3-7.2C1.2,6.5,4.4,2.3,9,1.7c4.6-.6,8.7,2.7,9.3,7.2,0,.4,0,.9,0,1.3\"><\/path><path class=\"st0\" d=\"M10,5v5l1.3.7\"><\/path><path class=\"st0\" d=\"M11.7,15l3.3-3.3,3.3,3.3\"><\/path><path class=\"st0\" d=\"M15,18.3v-6.7\"><\/path><\/svg>\t\t\t\t<\/span>\n\t\t\t<\/div>\n\t\t\t\n\t\t\t\t\t\t<div class=\"elementor-icon-box-content\">\n\n\t\t\t\t\t\t\t\t\t<h6 class=\"elementor-icon-box-title\">\n\t\t\t\t\t\t<span  >\n\t\t\t\t\t\t\tR\u00e9activit\u00e9\t\t\t\t\t\t<\/span>\n\t\t\t\t\t<\/h6>\n\t\t\t\t\n\t\t\t\t\t\t\t\t\t<p class=\"elementor-icon-box-description\">\n\t\t\t\t\t\tInterventions rapides et efficaces pour tous vos besoins sanitaires.\t\t\t\t\t<\/p>\n\t\t\t\t\n\t\t\t<\/div>\n\t\t\t\n\t\t<\/div>\n\t\t\t\t\t\t<\/div>\n\t\t\t\t<\/div>\n\t\t\t\t<\/div>\n\t\t<div class=\"elementor-element elementor-element-9b9c67f e-con-full animated-fast e-flex elementor-invisible e-con e-child\" data-id=\"9b9c67f\" data-element_type=\"container\" data-e-type=\"container\" data-settings=\"{&quot;background_background&quot;:&quot;classic&quot;,&quot;animation&quot;:&quot;fadeIn&quot;,&quot;animation_delay&quot;:750}\">\n\t\t\t\t<div class=\"elementor-element elementor-element-6ed0a9f elementor-view-default elementor-position-block-start elementor-mobile-position-block-start elementor-widget elementor-widget-icon-box\" data-id=\"6ed0a9f\" data-element_type=\"widget\" data-e-type=\"widget\" data-widget_type=\"icon-box.default\">\n\t\t\t\t<div class=\"elementor-widget-container\">\n\t\t\t\t\t\t\t<div class=\"elementor-icon-box-wrapper\">\n\n\t\t\t\t\t\t<div class=\"elementor-icon-box-icon\">\n\t\t\t\t<span  class=\"elementor-icon\">\n\t\t\t\t<svg xmlns=\"http:\/\/www.w3.org\/2000\/svg\" id=\"Calque_1\" viewBox=\"0 0 20 20\"><defs><style>      .st0 {        fill: none;        stroke: #3d5897;        stroke-linecap: round;        stroke-linejoin: round;        stroke-width: 2px;      }    <\/style><\/defs><path class=\"st0\" d=\"M16.7,10.8c0,4.2-2.9,6.2-6.4,7.5-.2,0-.4,0-.6,0-3.5-1.2-6.4-3.3-6.4-7.5v-5.8c0-.5.4-.8.8-.8,1.7,0,3.7-1,5.2-2.3.4-.3.9-.3,1.3,0,1.5,1.3,3.5,2.3,5.2,2.3s.8.4.8.8v5.8Z\"><\/path><path class=\"st0\" d=\"M7.5,10l1.7,1.7,3.3-3.3\"><\/path><\/svg>\t\t\t\t<\/span>\n\t\t\t<\/div>\n\t\t\t\n\t\t\t\t\t\t<div class=\"elementor-icon-box-content\">\n\n\t\t\t\t\t\t\t\t\t<h6 class=\"elementor-icon-box-title\">\n\t\t\t\t\t\t<span  >\n\t\t\t\t\t\t\tFiabilit\u00e9\t\t\t\t\t\t<\/span>\n\t\t\t\t\t<\/h6>\n\t\t\t\t\n\t\t\t\t\t\t\t\t\t<p class=\"elementor-icon-box-description\">\n\t\t\t\t\t\tUn service sur lequel vous pouvez toujours compter.\t\t\t\t\t<\/p>\n\t\t\t\t\n\t\t\t<\/div>\n\t\t\t\n\t\t<\/div>\n\t\t\t\t\t\t<\/div>\n\t\t\t\t<\/div>\n\t\t\t\t<\/div>\n\t\t<div class=\"elementor-element elementor-element-f2880c0 e-con-full animated-fast e-flex elementor-invisible e-con e-child\" data-id=\"f2880c0\" data-element_type=\"container\" data-e-type=\"container\" data-settings=\"{&quot;animation&quot;:&quot;fadeIn&quot;,&quot;animation_delay&quot;:1250}\">\n\t\t\t\t<div class=\"elementor-element elementor-element-31195f5 elementor-view-default elementor-position-block-start elementor-mobile-position-block-start elementor-widget elementor-widget-icon-box\" data-id=\"31195f5\" data-element_type=\"widget\" data-e-type=\"widget\" data-widget_type=\"icon-box.default\">\n\t\t\t\t<div class=\"elementor-widget-container\">\n\t\t\t\t\t\t\t<div class=\"elementor-icon-box-wrapper\">\n\n\t\t\t\t\t\t<div class=\"elementor-icon-box-icon\">\n\t\t\t\t<span  class=\"elementor-icon\">\n\t\t\t\t<svg xmlns=\"http:\/\/www.w3.org\/2000\/svg\" id=\"Calque_1\" viewBox=\"0 0 20 20\"><defs><style>      .st0 {        fill: none;        stroke: #3d5897;        stroke-linecap: round;        stroke-linejoin: round;        stroke-width: 2px;      }    <\/style><\/defs><path class=\"st0\" d=\"M6,12.5l-3.8-6.5c-.3-.6-.3-1.3.1-1.8l1.3-1.8c.3-.4.8-.7,1.3-.7h10c.5,0,1,.2,1.3.7l1.3,1.8c.4.5.4,1.3.1,1.8l-3.8,6.5\"><\/path><path class=\"st0\" d=\"M9.2,10L4.3,1.8\"><\/path><path class=\"st0\" d=\"M10.8,10L15.7,1.8\"><\/path><path class=\"st0\" d=\"M6.7,5.8h6.7\"><\/path><circle class=\"st0\" cx=\"10\" cy=\"14.2\" r=\"4.2\"><\/circle><path class=\"st0\" d=\"M10,15v-1.7h-.4\"><\/path><\/svg>\t\t\t\t<\/span>\n\t\t\t<\/div>\n\t\t\t\n\t\t\t\t\t\t<div class=\"elementor-icon-box-content\">\n\n\t\t\t\t\t\t\t\t\t<h6 class=\"elementor-icon-box-title\">\n\t\t\t\t\t\t<span  >\n\t\t\t\t\t\t\tQualit\u00e9\t\t\t\t\t\t<\/span>\n\t\t\t\t\t<\/h6>\n\t\t\t\t\n\t\t\t\t\t\t\t\t\t<p class=\"elementor-icon-box-description\">\n\t\t\t\t\t\tDes solutions avec une attention aux d\u00e9tails et aux normes les plus \u00e9lev\u00e9es.\t\t\t\t\t<\/p>\n\t\t\t\t\n\t\t\t<\/div>\n\t\t\t\n\t\t<\/div>\n\t\t\t\t\t\t<\/div>\n\t\t\t\t<\/div>\n\t\t\t\t<\/div>\n\t\t\t\t\t<\/div>\n\t\t\t\t<\/div>\n\t\t\t\t\t<\/div>\n\t\t\t\t<\/div>\n\t\t\t\t<\/div>\n\t\t","protected":false},"excerpt":{"rendered":"<p>Une expertise technique transmise depuis plus de 70 ans Qui sommes-nous Nous sommes une entreprise qualifi\u00e9e et hautement sp\u00e9cialis\u00e9e dans l\u2019enveloppe du b\u00e2timent et les techniques du b\u00e2timent. Notre zone d\u2019intervention couvre principalement les cantons de Berne et de Fribourg.Chaque jour, nos sp\u00e9cialistes travaillent avec enthousiasme et engagement pour vous proposer des solutions fiables et [&hellip;]<\/p>\n","protected":false},"author":2,"featured_media":0,"parent":0,"menu_order":0,"comment_status":"closed","ping_status":"closed","template":"","meta":{"footnotes":""},"class_list":["post-459","page","type-page","status-publish","hentry"],"_links":{"self":[{"href":"https:\/\/www.hofer-ag.ch\/fr\/wp-json\/wp\/v2\/pages\/459","targetHints":{"allow":["GET"]}}],"collection":[{"href":"https:\/\/www.hofer-ag.ch\/fr\/wp-json\/wp\/v2\/pages"}],"about":[{"href":"https:\/\/www.hofer-ag.ch\/fr\/wp-json\/wp\/v2\/types\/page"}],"author":[{"embeddable":true,"href":"https:\/\/www.hofer-ag.ch\/fr\/wp-json\/wp\/v2\/users\/2"}],"replies":[{"embeddable":true,"href":"https:\/\/www.hofer-ag.ch\/fr\/wp-json\/wp\/v2\/comments?post=459"}],"version-history":[{"count":0,"href":"https:\/\/www.hofer-ag.ch\/fr\/wp-json\/wp\/v2\/pages\/459\/revisions"}],"wp:attachment":[{"href":"https:\/\/www.hofer-ag.ch\/fr\/wp-json\/wp\/v2\/media?parent=459"}],"curies":[{"name":"wp","href":"https:\/\/api.w.org\/{rel}","templated":true}]}}